{"id":399,"date":"2024-07-01T10:41:25","date_gmt":"2024-07-01T10:41:25","guid":{"rendered":"https:\/\/civile.ing.uniroma2.it\/?page_id=399"},"modified":"2025-04-16T13:42:10","modified_gmt":"2025-04-16T13:42:10","slug":"il-corso-in-breve","status":"publish","type":"page","link":"https:\/\/civile.ing.uniroma2.it\/?page_id=399","title":{"rendered":"Il corso in breve"},"content":{"rendered":"\n<div style=\"height:30px\" aria-hidden=\"true\" class=\"wp-block-spacer\"><\/div>\n\n\n\n<h2 class=\"wp-block-heading\">Che cos&#8217;\u00e8 l&#8217;Ingegneria Civile<\/h2>\n\n\n\n<div class=\"wp-block-group\"><div class=\"wp-block-group__inner-container is-layout-constrained wp-block-group-is-layout-constrained\">\n<p>L\u2019Ingegneria Civile si occupa della pianificazione, progettazione, costruzione e manutenzione di strutture e infrastrutture fondamentali per lo sviluppo economico, sociale e culturale di un paese, tra le quali:<\/p>\n\n\n\n<ul class=\"wp-block-list\">\n<li>edifici, ponti, gallerie, dighe;<\/li>\n\n\n\n<li>opere marittime e portuali;<\/li>\n\n\n\n<li>strutture per la produzione e distribuzione di energia;<\/li>\n\n\n\n<li>sistemi di raccolta, distribuzione e smaltimento delle acque;<\/li>\n\n\n\n<li>sistemi di trasporto (strade, ferrovie e aeroporti).<\/li>\n<\/ul>\n\n\n\n<p>Tali opere devono soddisfare livelli di sicurezza e funzionalit\u00e0 sempre pi\u00f9 elevati. La loro pianificazione e realizzazione, inoltre, condiziona in modo rilevante sia lo sviluppo economico e sociale del paese sia il contesto ambientale, con effetti che si proiettano nel tempo, coinvolgendo un arco temporale di pi\u00f9 generazioni. \u00c8 responsabilit\u00e0 dell\u2019Ingegnere Civile, dunque, operare secondo canoni sostenibili. <\/p>\n\n\n\n<p>La preparazione di un Ingegnere Civile si fonda su solide basi di matematica, fisica, chimica e informatica e copre tutti i settori caratterizzanti l\u2019area disciplinare: scienza e tecnica delle costruzioni, geotecnica, idraulica e costruzioni idrauliche, infrastrutture viarie e trasporti.<\/p>\n<\/div><\/div>\n\n\n\n<div style=\"height:30px\" aria-hidden=\"true\" class=\"wp-block-spacer\"><\/div>\n\n\n\n<h2 class=\"wp-block-heading\">Perch\u00e9 seguire il Corso di Laurea Magistrale in Ingegneria Civile<\/h2>\n\n\n\n<p>Il <strong><span style=\"text-decoration: underline;\">Corso di Laurea Magistrale in Ingegneria Civile<\/span><\/strong> dell\u2019<strong><span style=\"text-decoration: underline;\">Universit\u00e0 di Roma Tor Vergata<\/span><\/strong> ha l\u2019obiettivo specifico di offrire allo studente una formazione professionale avanzata nel campo della pianificazione, progettazione e gestione delle infrastrutture e costruzioni civili, con riferimento sia alle opere di nuova realizzazione, sia al recupero delle costruzioni esistenti.<\/p>\n\n\n\n<p>Il Corso di Studio prevede due indirizzi: <strong><span style=\"text-decoration: underline;\">Strutture e Geotecnica<\/span><\/strong> e <strong><span style=\"text-decoration: underline;\">Infrastrutture e Sistemi di Trasporto<\/span><\/strong>. In particolare, gli insegnamenti del biennio di Laurea Magistrale mirano a fornire all\u2019allievo adeguate competenze nella progettazione avanzata e innovativa nel campo delle Strutture, della Geotecnica, dell\u2019Ingegneria Sismica, dell&#8217;Idraulica e dei Sistemi di Trasporto, nonch\u00e9&#8217; la capacit\u00e0 di adottare approcci interdisciplinari nella soluzione di problemi complessi.<\/p>\n\n\n\n<p>La figura formata dal Corso di Studio opera ai pi\u00f9 alti livelli nelle imprese, nella pubblica amministrazione e nella libera professione, a livello sia nazionale sia internazionale, coniugando capacit\u00e0 e conoscenze tecnico-ingegneristiche con capacit\u00e0 organizzative e di coordinamento<\/p>\n","protected":false},"excerpt":{"rendered":"<p>Che cos&#8217;\u00e8 l&#8217;Ingegneria Civile L\u2019Ingegneria Civile si occupa della pianificazione, progettazione, costruzione e manutenzione di strutture e infrastrutture fondamentali per lo sviluppo economico, sociale e culturale di un paese, tra le quali: Tali opere devono soddisfare livelli di sicurezza e<\/p>\n","protected":false},"author":2,"featured_media":0,"parent":0,"menu_order":0,"comment_status":"closed","ping_status":"closed","template":"","meta":{"ub_ctt_via":"","_zb_attr":"","zolo_post_video_link":"","footnotes":""},"class_list":["post-399","page","type-page","status-publish","hentry"],"featured_image_src":null,"yoast_head":"<!-- This site is optimized with the Yoast SEO plugin v25.1 - https:\/\/yoast.com\/wordpress\/plugins\/seo\/ -->\n<title>Il corso in breve - Ingegneria Civile<\/title>\n<meta name=\"robots\" content=\"index, follow, max-snippet:-1, max-image-preview:large, max-video-preview:-1\" \/>\n<link rel=\"canonical\" href=\"https:\/\/civile.ing.uniroma2.it\/?page_id=399\" \/>\n<meta property=\"og:locale\" content=\"it_IT\" \/>\n<meta property=\"og:type\" content=\"article\" \/>\n<meta property=\"og:title\" content=\"Il corso in breve - Ingegneria Civile\" \/>\n<meta property=\"og:description\" content=\"Che cos&#8217;\u00e8 l&#8217;Ingegneria Civile L\u2019Ingegneria Civile si occupa della pianificazione, progettazione, costruzione e manutenzione di strutture e infrastrutture fondamentali per lo sviluppo economico, sociale e culturale di un paese, tra le quali: Tali opere devono soddisfare livelli di sicurezza e\" \/>\n<meta property=\"og:url\" content=\"https:\/\/civile.ing.uniroma2.it\/?page_id=399\" \/>\n<meta property=\"og:site_name\" content=\"Ingegneria Civile\" \/>\n<meta property=\"article:modified_time\" content=\"2025-04-16T13:42:10+00:00\" \/>\n<meta property=\"og:image\" content=\"https:\/\/civile.ing.uniroma2.it\/wp-content\/uploads\/2025\/05\/LOGO-ATENEO_PANTONE-7732-CP_Variante1_20230307.png\" \/>\n\t<meta property=\"og:image:width\" content=\"1194\" \/>\n\t<meta property=\"og:image:height\" content=\"1128\" \/>\n\t<meta property=\"og:image:type\" content=\"image\/png\" \/>\n<meta name=\"twitter:card\" content=\"summary_large_image\" \/>\n<meta name=\"twitter:label1\" content=\"Tempo di lettura stimato\" \/>\n\t<meta name=\"twitter:data1\" content=\"2 minuti\" \/>\n<script type=\"application\/ld+json\" class=\"yoast-schema-graph\">{\"@context\":\"https:\/\/schema.org\",\"@graph\":[{\"@type\":\"WebPage\",\"@id\":\"https:\/\/civile.ing.uniroma2.it\/?page_id=399\",\"url\":\"https:\/\/civile.ing.uniroma2.it\/?page_id=399\",\"name\":\"Il corso in breve - Ingegneria Civile\",\"isPartOf\":{\"@id\":\"https:\/\/civile.ing.uniroma2.it\/#website\"},\"datePublished\":\"2024-07-01T10:41:25+00:00\",\"dateModified\":\"2025-04-16T13:42:10+00:00\",\"breadcrumb\":{\"@id\":\"https:\/\/civile.ing.uniroma2.it\/?page_id=399#breadcrumb\"},\"inLanguage\":\"it-IT\",\"potentialAction\":[{\"@type\":\"ReadAction\",\"target\":[\"https:\/\/civile.ing.uniroma2.it\/?page_id=399\"]}]},{\"@type\":\"BreadcrumbList\",\"@id\":\"https:\/\/civile.ing.uniroma2.it\/?page_id=399#breadcrumb\",\"itemListElement\":[{\"@type\":\"ListItem\",\"position\":1,\"name\":\"Home\",\"item\":\"https:\/\/civile.ing.uniroma2.it\/\"},{\"@type\":\"ListItem\",\"position\":2,\"name\":\"Il corso in breve\"}]},{\"@type\":\"WebSite\",\"@id\":\"https:\/\/civile.ing.uniroma2.it\/#website\",\"url\":\"https:\/\/civile.ing.uniroma2.it\/\",\"name\":\"Ingegneria Civile\",\"description\":\"Corso di Laurea Magistrale\",\"publisher\":{\"@id\":\"https:\/\/civile.ing.uniroma2.it\/#organization\"},\"potentialAction\":[{\"@type\":\"SearchAction\",\"target\":{\"@type\":\"EntryPoint\",\"urlTemplate\":\"https:\/\/civile.ing.uniroma2.it\/?s={search_term_string}\"},\"query-input\":{\"@type\":\"PropertyValueSpecification\",\"valueRequired\":true,\"valueName\":\"search_term_string\"}}],\"inLanguage\":\"it-IT\"},{\"@type\":\"Organization\",\"@id\":\"https:\/\/civile.ing.uniroma2.it\/#organization\",\"name\":\"Universit\u00e0 degli Studi di Roma Tor Vergata\",\"url\":\"https:\/\/civile.ing.uniroma2.it\/\",\"logo\":{\"@type\":\"ImageObject\",\"inLanguage\":\"it-IT\",\"@id\":\"https:\/\/civile.ing.uniroma2.it\/#\/schema\/logo\/image\/\",\"url\":\"https:\/\/civile.ing.uniroma2.it\/wp-content\/uploads\/2025\/05\/LOGO-ATENEO_PANTONE-7732-CP_Variante1_20230307.png\",\"contentUrl\":\"https:\/\/civile.ing.uniroma2.it\/wp-content\/uploads\/2025\/05\/LOGO-ATENEO_PANTONE-7732-CP_Variante1_20230307.png\",\"width\":1194,\"height\":1128,\"caption\":\"Universit\u00e0 degli Studi di Roma Tor Vergata\"},\"image\":{\"@id\":\"https:\/\/civile.ing.uniroma2.it\/#\/schema\/logo\/image\/\"}}]}<\/script>\n<!-- \/ Yoast SEO plugin. -->","yoast_head_json":{"title":"Il corso in breve - Ingegneria Civile","robots":{"index":"index","follow":"follow","max-snippet":"max-snippet:-1","max-image-preview":"max-image-preview:large","max-video-preview":"max-video-preview:-1"},"canonical":"https:\/\/civile.ing.uniroma2.it\/?page_id=399","og_locale":"it_IT","og_type":"article","og_title":"Il corso in breve - Ingegneria Civile","og_description":"Che cos&#8217;\u00e8 l&#8217;Ingegneria Civile L\u2019Ingegneria Civile si occupa della pianificazione, progettazione, costruzione e manutenzione di strutture e infrastrutture fondamentali per lo sviluppo economico, sociale e culturale di un paese, tra le quali: Tali opere devono soddisfare livelli di sicurezza e","og_url":"https:\/\/civile.ing.uniroma2.it\/?page_id=399","og_site_name":"Ingegneria Civile","article_modified_time":"2025-04-16T13:42:10+00:00","og_image":[{"width":1194,"height":1128,"url":"https:\/\/civile.ing.uniroma2.it\/wp-content\/uploads\/2025\/05\/LOGO-ATENEO_PANTONE-7732-CP_Variante1_20230307.png","type":"image\/png"}],"twitter_card":"summary_large_image","twitter_misc":{"Tempo di lettura stimato":"2 minuti"},"schema":{"@context":"https:\/\/schema.org","@graph":[{"@type":"WebPage","@id":"https:\/\/civile.ing.uniroma2.it\/?page_id=399","url":"https:\/\/civile.ing.uniroma2.it\/?page_id=399","name":"Il corso in breve - Ingegneria Civile","isPartOf":{"@id":"https:\/\/civile.ing.uniroma2.it\/#website"},"datePublished":"2024-07-01T10:41:25+00:00","dateModified":"2025-04-16T13:42:10+00:00","breadcrumb":{"@id":"https:\/\/civile.ing.uniroma2.it\/?page_id=399#breadcrumb"},"inLanguage":"it-IT","potentialAction":[{"@type":"ReadAction","target":["https:\/\/civile.ing.uniroma2.it\/?page_id=399"]}]},{"@type":"BreadcrumbList","@id":"https:\/\/civile.ing.uniroma2.it\/?page_id=399#breadcrumb","itemListElement":[{"@type":"ListItem","position":1,"name":"Home","item":"https:\/\/civile.ing.uniroma2.it\/"},{"@type":"ListItem","position":2,"name":"Il corso in breve"}]},{"@type":"WebSite","@id":"https:\/\/civile.ing.uniroma2.it\/#website","url":"https:\/\/civile.ing.uniroma2.it\/","name":"Ingegneria Civile","description":"Corso di Laurea Magistrale","publisher":{"@id":"https:\/\/civile.ing.uniroma2.it\/#organization"},"potentialAction":[{"@type":"SearchAction","target":{"@type":"EntryPoint","urlTemplate":"https:\/\/civile.ing.uniroma2.it\/?s={search_term_string}"},"query-input":{"@type":"PropertyValueSpecification","valueRequired":true,"valueName":"search_term_string"}}],"inLanguage":"it-IT"},{"@type":"Organization","@id":"https:\/\/civile.ing.uniroma2.it\/#organization","name":"Universit\u00e0 degli Studi di Roma Tor Vergata","url":"https:\/\/civile.ing.uniroma2.it\/","logo":{"@type":"ImageObject","inLanguage":"it-IT","@id":"https:\/\/civile.ing.uniroma2.it\/#\/schema\/logo\/image\/","url":"https:\/\/civile.ing.uniroma2.it\/wp-content\/uploads\/2025\/05\/LOGO-ATENEO_PANTONE-7732-CP_Variante1_20230307.png","contentUrl":"https:\/\/civile.ing.uniroma2.it\/wp-content\/uploads\/2025\/05\/LOGO-ATENEO_PANTONE-7732-CP_Variante1_20230307.png","width":1194,"height":1128,"caption":"Universit\u00e0 degli Studi di Roma Tor Vergata"},"image":{"@id":"https:\/\/civile.ing.uniroma2.it\/#\/schema\/logo\/image\/"}}]}},"_links":{"self":[{"href":"https:\/\/civile.ing.uniroma2.it\/index.php?rest_route=\/wp\/v2\/pages\/399","targetHints":{"allow":["GET"]}}],"collection":[{"href":"https:\/\/civile.ing.uniroma2.it\/index.php?rest_route=\/wp\/v2\/pages"}],"about":[{"href":"https:\/\/civile.ing.uniroma2.it\/index.php?rest_route=\/wp\/v2\/types\/page"}],"author":[{"embeddable":true,"href":"https:\/\/civile.ing.uniroma2.it\/index.php?rest_route=\/wp\/v2\/users\/2"}],"replies":[{"embeddable":true,"href":"https:\/\/civile.ing.uniroma2.it\/index.php?rest_route=%2Fwp%2Fv2%2Fcomments&post=399"}],"version-history":[{"count":16,"href":"https:\/\/civile.ing.uniroma2.it\/index.php?rest_route=\/wp\/v2\/pages\/399\/revisions"}],"predecessor-version":[{"id":585,"href":"https:\/\/civile.ing.uniroma2.it\/index.php?rest_route=\/wp\/v2\/pages\/399\/revisions\/585"}],"wp:attachment":[{"href":"https:\/\/civile.ing.uniroma2.it\/index.php?rest_route=%2Fwp%2Fv2%2Fmedia&parent=399"}],"curies":[{"name":"wp","href":"https:\/\/api.w.org\/{rel}","templated":true}]}}