{"id":233,"date":"2023-07-31T08:38:11","date_gmt":"2023-07-31T08:38:11","guid":{"rendered":"https:\/\/civile.ing.uniroma2.it\/?page_id=233"},"modified":"2025-09-14T13:20:17","modified_gmt":"2025-09-14T13:20:17","slug":"prova-finale-e-sedute-di-laurea","status":"publish","type":"page","link":"https:\/\/civile.ing.uniroma2.it\/?page_id=233","title":{"rendered":"Prova finale e Sedute di Laurea"},"content":{"rendered":"\n<figure class=\"wp-block-image size-large\"><img loading=\"lazy\" decoding=\"async\" width=\"1024\" height=\"544\" src=\"https:\/\/civile.ing.uniroma2.it\/wp-content\/uploads\/2025\/05\/TVG_SedutaLaurea-1024x544.png\" alt=\"\" class=\"wp-image-1334\" srcset=\"https:\/\/civile.ing.uniroma2.it\/wp-content\/uploads\/2025\/05\/TVG_SedutaLaurea-1024x544.png 1024w, https:\/\/civile.ing.uniroma2.it\/wp-content\/uploads\/2025\/05\/TVG_SedutaLaurea-300x159.png 300w, https:\/\/civile.ing.uniroma2.it\/wp-content\/uploads\/2025\/05\/TVG_SedutaLaurea-768x408.png 768w, https:\/\/civile.ing.uniroma2.it\/wp-content\/uploads\/2025\/05\/TVG_SedutaLaurea-24x13.png 24w, https:\/\/civile.ing.uniroma2.it\/wp-content\/uploads\/2025\/05\/TVG_SedutaLaurea-36x19.png 36w, https:\/\/civile.ing.uniroma2.it\/wp-content\/uploads\/2025\/05\/TVG_SedutaLaurea-48x25.png 48w, https:\/\/civile.ing.uniroma2.it\/wp-content\/uploads\/2025\/05\/TVG_SedutaLaurea.png 1158w\" sizes=\"auto, (max-width: 1024px) 100vw, 1024px\" \/><\/figure>\n\n\n\n<h2 class=\"wp-block-heading\">Redazione della Tesi di laurea<\/h2>\n\n\n\n<p>Il conseguimento della Laurea magistrale in Ingegneria Civile comporta il superamento di una prova finale (tesi). La tesi di Laurea Magistrale consiste in una dissertazione scritta su un argomento avanzato di una delle discipline impartite nel corso di Laurea Magistrale in Ingegneria Civile, svolta sotto la supervisione di un docente del Corso di Studi (relatore della tesi), eventualmente coadiuvato da docenti o esperti non appartenenti al Corso.<\/p>\n\n\n\n<p>La dissertazione deve evidenziare un contributo originale e autonomo del candidato, che pu\u00f2 consistere o nella organizzazione secondo nuovi punti di vista di conoscenze e risultati applicativi gi\u00e0 noti in letteratura, o nella proposta di soluzioni originali a problemi inerenti all\u2019Ingegneria Civile. In questo secondo caso, la dissertazione deve includere una adeguata panoramica dello stato dell&#8217;arte e la descrizione della soluzione proposta.<\/p>\n\n\n\n<p>Il lavoro di preparazione della tesi potr\u00e0 essere svolto in uno dei Dipartimenti dell\u2019Ateneo, presso Enti di ricerca, presso Aziende o presso altre istituzioni idonee. <\/p>\n\n\n\n<p>Lo studente sceglie un relatore tra i docenti titolari di un insegnamento del CdS. Qualora lo studente riscontri difficolt\u00e0 nell\u2019individuazione del relatore, il Coordinatore del CdS si far\u00e0 carico di un\u2019assegnazione di ufficio. Il relatore segue il laureando nel suo lavoro di tesi e ha la responsabilit\u00e0 di verificarne la maturit\u00e0 in vista della prova finale. In questo lavoro, il relatore pu\u00f2 essere coadiuvato da uno o due correlatori. Un correlatore pu\u00f2 essere un docente universitario, un cultore della materia, un rappresentante dell\u2019azienda o ente presso la quale o in collaborazione con la quale il laureando svolge il lavoro di tesi.<\/p>\n\n\n\n<div style=\"height:30px\" aria-hidden=\"true\" class=\"wp-block-spacer\"><\/div>\n\n\n\n<h2 class=\"wp-block-heading\">Tempistiche e scadenze per l&#8217;ammissione alla Seduta di Laurea<\/h2>\n\n\n\n<p>Per essere ammesso alla Seduta di Laurea, lo studente deve:<\/p>\n\n\n\n<ul class=\"wp-block-list\">\n<li>presentare la domanda alla Segreteria Studenti della Macroarea di Ingegneria almeno 30 giorni prima della seduta di Laurea;<\/li>\n\n\n\n<li>aver superato tutti gli esami previsti nell\u2019ultimo piano di studi approvato almeno trenta giorni prima della seduta di laurea;<\/li>\n\n\n\n<li>eseguire l&#8217;upload della tesi nella propria area personale Delphi, alla voce Gestione domanda di Laurea, entro 5 giorni prima della seduta di Laurea.<\/li>\n<\/ul>\n\n\n\n<div style=\"height:30px\" aria-hidden=\"true\" class=\"wp-block-spacer\"><\/div>\n\n\n\n<h2 class=\"wp-block-heading\">Modalit\u00e0 di svolgimento della Prova Finale<\/h2>\n\n\n\n<p>L\u2019esame di Laurea Magistrale consiste nell\u2019esposizione e nella discussione da parte del laureando del proprio lavoro di tesi di fronte alla Commissione di Laurea.<\/p>\n\n\n\n<p>La commissione esaminatrice per la valutazione della prova finale \u00e8 formata da almeno sette componenti, pi\u00f9 eventuali componenti supplenti, nominati dal direttore del Dipartimento di riferimento, su proposta del Coordinatore del CdS. I componenti sono docenti dell\u2019Ateneo, salvo diversamente previsto dalle norme.<\/p>\n\n\n\n<p>La prova finale \u00e8 pubblica. Lo svolgimento della prova prevede che il laureando esponga i risultati del proprio lavoro di tesi di fronte alla Commissione esaminatrice nel corso di una presentazione pubblica, della durata di circa 15 minuti, alla quale possono seguire domande da parte dei membri della Commissione esaminatrice.<\/p>\n\n\n\n<p>Al termine della discussione di tutti i laureandi, la Commissione esaminatrice si riunisce in seduta privata per la compilazione dei verbali di laurea e per l\u2019assegnazione dei voti ai laureandi, tenendo conto delle proposte dei relatori e della carriera dello studente. Possono partecipare alla discussione, senza diritto di voto, i relatori e correlatori anche se non formalmente membri della Commissione stessa. <\/p>\n\n\n\n<p>Successivamente si procede alla proclamazione pubblica. La votazione finale \u00e8 espressa in centodecimi ed \u00e8 ritenuta positiva quando supera o \u00e8 uguale a 66 su 110. Qualora si raggiunga il punteggio massimo e il lavoro di tesi risulti avere caratteristiche di eccellenza, la Commissione esaminatrice pu\u00f2, a giudizio unanime, attribuire la lode. Il relatore della tesi pu\u00f2 comunicare preventivamente al Responsabile della Segreteria Didattica e al Coordinatore del CdS la proposta di attribuire al candidato la lode, trasmettendo una breve nota in cui illustra il contributo del candidato al raggiungimento dei risultati.<\/p>\n\n\n\n<div style=\"height:30px\" aria-hidden=\"true\" class=\"wp-block-spacer\"><\/div>\n\n\n\n<h2 class=\"wp-block-heading\">Criteri di Valutazione<\/h2>\n\n\n\n<p>Ferma restando la sovranit\u00e0 della Commissione nell\u2019attribuzione del voto di laurea, il Corso di Studi in Ingegneria Civile Magistrale definisce i seguenti criteri per la valutazione del voto base di partenza e la determinazione del voto finale di laurea:<\/p>\n\n\n\n<ol style=\"list-style-type:lower-roman\" class=\"wp-block-list\">\n<li>il voto base di partenza \u00e8 calcolato come media ponderata delle votazioni ottenute ai singoli esami, convertita in centodecimi;<\/li>\n\n\n\n<li>\u00e8 attribuito 1 punto premiale al candidato che abbia ottenuto almeno una lode in un esame da 9&nbsp;CFU;<\/li>\n\n\n\n<li>\u00e8 attribuito 1 punto premiale al candidato che abbia terminato gli esami nella durata normale del corso;<\/li>\n\n\n\n<li>pu\u00f2 essere attribuito un massimo di 7 punti alla tesi di laurea;<\/li>\n\n\n\n<li>la Commissione pu\u00f2 attribuire la lode, con voto unanime, solo al candidato che abbia un voto base di partenza di almeno 104 su 110 (senza punti premiali).<\/li>\n<\/ol>\n\n\n\n<div style=\"height:30px\" aria-hidden=\"true\" class=\"wp-block-spacer\"><\/div>\n\n\n\n<h2 class=\"wp-block-heading\">Calendario delle Sedute di Laurea<\/h2>\n\n\n\n<p>Il calendario delle sedute di Laurea \u00e8 pubblicato nella pagina <a href=\"https:\/\/civile.ing.uniroma2.it\/?page_id=1717\" target=\"_blank\" rel=\"noreferrer noopener\"><mark style=\"background-color:rgba(0, 0, 0, 0)\" class=\"has-inline-color has-vivid-cyan-blue-color\"><span style=\"text-decoration: underline;\">Avvisi<\/span><\/mark><\/a>.<\/p>\n\n\n\n<p>Ulteriori informazioni sono disponibili sul <a href=\"https:\/\/ing.uniroma2.it\/laurea\/\" data-type=\"link\" data-id=\"https:\/\/ing.uniroma2.it\/laurea\/\" target=\"_blank\" rel=\"noreferrer noopener\"><mark style=\"background-color:rgba(0, 0, 0, 0)\" class=\"has-inline-color has-vivid-cyan-blue-color\"><span style=\"text-decoration: underline;\">sito Web della Macroarea di Ingegneria<\/span><\/mark><\/a>.<\/p>\n\n\n\n<p><\/p>\n","protected":false},"excerpt":{"rendered":"<p>Redazione della Tesi di laurea Il conseguimento della Laurea magistrale in Ingegneria Civile comporta il superamento di una prova finale (tesi). La tesi di Laurea Magistrale consiste in una dissertazione scritta su un argomento avanzato di una delle discipline impartite<\/p>\n","protected":false},"author":2,"featured_media":0,"parent":0,"menu_order":0,"comment_status":"closed","ping_status":"closed","template":"","meta":{"ub_ctt_via":"","_zb_attr":"","zolo_post_video_link":"","footnotes":""},"class_list":["post-233","page","type-page","status-publish","hentry"],"featured_image_src":null,"yoast_head":"<!-- This site is optimized with the Yoast SEO plugin v25.1 - https:\/\/yoast.com\/wordpress\/plugins\/seo\/ -->\n<title>Prova finale e Sedute di Laurea - Ingegneria Civile<\/title>\n<meta name=\"robots\" content=\"index, follow, max-snippet:-1, max-image-preview:large, max-video-preview:-1\" \/>\n<link rel=\"canonical\" href=\"https:\/\/civile.ing.uniroma2.it\/?page_id=233\" \/>\n<meta property=\"og:locale\" content=\"it_IT\" \/>\n<meta property=\"og:type\" content=\"article\" \/>\n<meta property=\"og:title\" content=\"Prova finale e Sedute di Laurea - Ingegneria Civile\" \/>\n<meta property=\"og:description\" content=\"Redazione della Tesi di laurea Il conseguimento della Laurea magistrale in Ingegneria Civile comporta il superamento di una prova finale (tesi). La tesi di Laurea Magistrale consiste in una dissertazione scritta su un argomento avanzato di una delle discipline impartite\" \/>\n<meta property=\"og:url\" content=\"https:\/\/civile.ing.uniroma2.it\/?page_id=233\" \/>\n<meta property=\"og:site_name\" content=\"Ingegneria Civile\" \/>\n<meta property=\"article:modified_time\" content=\"2025-09-14T13:20:17+00:00\" \/>\n<meta property=\"og:image\" content=\"https:\/\/civile.ing.uniroma2.it\/wp-content\/uploads\/2025\/05\/TVG_SedutaLaurea.png\" \/>\n\t<meta property=\"og:image:width\" content=\"1158\" \/>\n\t<meta property=\"og:image:height\" content=\"615\" \/>\n\t<meta property=\"og:image:type\" content=\"image\/png\" \/>\n<meta name=\"twitter:card\" content=\"summary_large_image\" \/>\n<meta name=\"twitter:label1\" content=\"Tempo di lettura stimato\" \/>\n\t<meta name=\"twitter:data1\" content=\"5 minuti\" \/>\n<script type=\"application\/ld+json\" class=\"yoast-schema-graph\">{\"@context\":\"https:\/\/schema.org\",\"@graph\":[{\"@type\":\"WebPage\",\"@id\":\"https:\/\/civile.ing.uniroma2.it\/?page_id=233\",\"url\":\"https:\/\/civile.ing.uniroma2.it\/?page_id=233\",\"name\":\"Prova finale e Sedute di Laurea - Ingegneria Civile\",\"isPartOf\":{\"@id\":\"https:\/\/civile.ing.uniroma2.it\/#website\"},\"primaryImageOfPage\":{\"@id\":\"https:\/\/civile.ing.uniroma2.it\/?page_id=233#primaryimage\"},\"image\":{\"@id\":\"https:\/\/civile.ing.uniroma2.it\/?page_id=233#primaryimage\"},\"thumbnailUrl\":\"https:\/\/civile.ing.uniroma2.it\/wp-content\/uploads\/2025\/05\/TVG_SedutaLaurea-1024x544.png\",\"datePublished\":\"2023-07-31T08:38:11+00:00\",\"dateModified\":\"2025-09-14T13:20:17+00:00\",\"breadcrumb\":{\"@id\":\"https:\/\/civile.ing.uniroma2.it\/?page_id=233#breadcrumb\"},\"inLanguage\":\"it-IT\",\"potentialAction\":[{\"@type\":\"ReadAction\",\"target\":[\"https:\/\/civile.ing.uniroma2.it\/?page_id=233\"]}]},{\"@type\":\"ImageObject\",\"inLanguage\":\"it-IT\",\"@id\":\"https:\/\/civile.ing.uniroma2.it\/?page_id=233#primaryimage\",\"url\":\"https:\/\/civile.ing.uniroma2.it\/wp-content\/uploads\/2025\/05\/TVG_SedutaLaurea.png\",\"contentUrl\":\"https:\/\/civile.ing.uniroma2.it\/wp-content\/uploads\/2025\/05\/TVG_SedutaLaurea.png\",\"width\":1158,\"height\":615},{\"@type\":\"BreadcrumbList\",\"@id\":\"https:\/\/civile.ing.uniroma2.it\/?page_id=233#breadcrumb\",\"itemListElement\":[{\"@type\":\"ListItem\",\"position\":1,\"name\":\"Home\",\"item\":\"https:\/\/civile.ing.uniroma2.it\/\"},{\"@type\":\"ListItem\",\"position\":2,\"name\":\"Prova finale e Sedute di Laurea\"}]},{\"@type\":\"WebSite\",\"@id\":\"https:\/\/civile.ing.uniroma2.it\/#website\",\"url\":\"https:\/\/civile.ing.uniroma2.it\/\",\"name\":\"Ingegneria Civile\",\"description\":\"Corso di Laurea Magistrale\",\"publisher\":{\"@id\":\"https:\/\/civile.ing.uniroma2.it\/#organization\"},\"potentialAction\":[{\"@type\":\"SearchAction\",\"target\":{\"@type\":\"EntryPoint\",\"urlTemplate\":\"https:\/\/civile.ing.uniroma2.it\/?s={search_term_string}\"},\"query-input\":{\"@type\":\"PropertyValueSpecification\",\"valueRequired\":true,\"valueName\":\"search_term_string\"}}],\"inLanguage\":\"it-IT\"},{\"@type\":\"Organization\",\"@id\":\"https:\/\/civile.ing.uniroma2.it\/#organization\",\"name\":\"Universit\u00e0 degli Studi di Roma Tor Vergata\",\"url\":\"https:\/\/civile.ing.uniroma2.it\/\",\"logo\":{\"@type\":\"ImageObject\",\"inLanguage\":\"it-IT\",\"@id\":\"https:\/\/civile.ing.uniroma2.it\/#\/schema\/logo\/image\/\",\"url\":\"https:\/\/civile.ing.uniroma2.it\/wp-content\/uploads\/2025\/05\/LOGO-ATENEO_PANTONE-7732-CP_Variante1_20230307.png\",\"contentUrl\":\"https:\/\/civile.ing.uniroma2.it\/wp-content\/uploads\/2025\/05\/LOGO-ATENEO_PANTONE-7732-CP_Variante1_20230307.png\",\"width\":1194,\"height\":1128,\"caption\":\"Universit\u00e0 degli Studi di Roma Tor Vergata\"},\"image\":{\"@id\":\"https:\/\/civile.ing.uniroma2.it\/#\/schema\/logo\/image\/\"}}]}<\/script>\n<!-- \/ Yoast SEO plugin. -->","yoast_head_json":{"title":"Prova finale e Sedute di Laurea - Ingegneria Civile","robots":{"index":"index","follow":"follow","max-snippet":"max-snippet:-1","max-image-preview":"max-image-preview:large","max-video-preview":"max-video-preview:-1"},"canonical":"https:\/\/civile.ing.uniroma2.it\/?page_id=233","og_locale":"it_IT","og_type":"article","og_title":"Prova finale e Sedute di Laurea - Ingegneria Civile","og_description":"Redazione della Tesi di laurea Il conseguimento della Laurea magistrale in Ingegneria Civile comporta il superamento di una prova finale (tesi). La tesi di Laurea Magistrale consiste in una dissertazione scritta su un argomento avanzato di una delle discipline impartite","og_url":"https:\/\/civile.ing.uniroma2.it\/?page_id=233","og_site_name":"Ingegneria Civile","article_modified_time":"2025-09-14T13:20:17+00:00","og_image":[{"width":1158,"height":615,"url":"https:\/\/civile.ing.uniroma2.it\/wp-content\/uploads\/2025\/05\/TVG_SedutaLaurea.png","type":"image\/png"}],"twitter_card":"summary_large_image","twitter_misc":{"Tempo di lettura stimato":"5 minuti"},"schema":{"@context":"https:\/\/schema.org","@graph":[{"@type":"WebPage","@id":"https:\/\/civile.ing.uniroma2.it\/?page_id=233","url":"https:\/\/civile.ing.uniroma2.it\/?page_id=233","name":"Prova finale e Sedute di Laurea - Ingegneria Civile","isPartOf":{"@id":"https:\/\/civile.ing.uniroma2.it\/#website"},"primaryImageOfPage":{"@id":"https:\/\/civile.ing.uniroma2.it\/?page_id=233#primaryimage"},"image":{"@id":"https:\/\/civile.ing.uniroma2.it\/?page_id=233#primaryimage"},"thumbnailUrl":"https:\/\/civile.ing.uniroma2.it\/wp-content\/uploads\/2025\/05\/TVG_SedutaLaurea-1024x544.png","datePublished":"2023-07-31T08:38:11+00:00","dateModified":"2025-09-14T13:20:17+00:00","breadcrumb":{"@id":"https:\/\/civile.ing.uniroma2.it\/?page_id=233#breadcrumb"},"inLanguage":"it-IT","potentialAction":[{"@type":"ReadAction","target":["https:\/\/civile.ing.uniroma2.it\/?page_id=233"]}]},{"@type":"ImageObject","inLanguage":"it-IT","@id":"https:\/\/civile.ing.uniroma2.it\/?page_id=233#primaryimage","url":"https:\/\/civile.ing.uniroma2.it\/wp-content\/uploads\/2025\/05\/TVG_SedutaLaurea.png","contentUrl":"https:\/\/civile.ing.uniroma2.it\/wp-content\/uploads\/2025\/05\/TVG_SedutaLaurea.png","width":1158,"height":615},{"@type":"BreadcrumbList","@id":"https:\/\/civile.ing.uniroma2.it\/?page_id=233#breadcrumb","itemListElement":[{"@type":"ListItem","position":1,"name":"Home","item":"https:\/\/civile.ing.uniroma2.it\/"},{"@type":"ListItem","position":2,"name":"Prova finale e Sedute di Laurea"}]},{"@type":"WebSite","@id":"https:\/\/civile.ing.uniroma2.it\/#website","url":"https:\/\/civile.ing.uniroma2.it\/","name":"Ingegneria Civile","description":"Corso di Laurea Magistrale","publisher":{"@id":"https:\/\/civile.ing.uniroma2.it\/#organization"},"potentialAction":[{"@type":"SearchAction","target":{"@type":"EntryPoint","urlTemplate":"https:\/\/civile.ing.uniroma2.it\/?s={search_term_string}"},"query-input":{"@type":"PropertyValueSpecification","valueRequired":true,"valueName":"search_term_string"}}],"inLanguage":"it-IT"},{"@type":"Organization","@id":"https:\/\/civile.ing.uniroma2.it\/#organization","name":"Universit\u00e0 degli Studi di Roma Tor Vergata","url":"https:\/\/civile.ing.uniroma2.it\/","logo":{"@type":"ImageObject","inLanguage":"it-IT","@id":"https:\/\/civile.ing.uniroma2.it\/#\/schema\/logo\/image\/","url":"https:\/\/civile.ing.uniroma2.it\/wp-content\/uploads\/2025\/05\/LOGO-ATENEO_PANTONE-7732-CP_Variante1_20230307.png","contentUrl":"https:\/\/civile.ing.uniroma2.it\/wp-content\/uploads\/2025\/05\/LOGO-ATENEO_PANTONE-7732-CP_Variante1_20230307.png","width":1194,"height":1128,"caption":"Universit\u00e0 degli Studi di Roma Tor Vergata"},"image":{"@id":"https:\/\/civile.ing.uniroma2.it\/#\/schema\/logo\/image\/"}}]}},"_links":{"self":[{"href":"https:\/\/civile.ing.uniroma2.it\/index.php?rest_route=\/wp\/v2\/pages\/233","targetHints":{"allow":["GET"]}}],"collection":[{"href":"https:\/\/civile.ing.uniroma2.it\/index.php?rest_route=\/wp\/v2\/pages"}],"about":[{"href":"https:\/\/civile.ing.uniroma2.it\/index.php?rest_route=\/wp\/v2\/types\/page"}],"author":[{"embeddable":true,"href":"https:\/\/civile.ing.uniroma2.it\/index.php?rest_route=\/wp\/v2\/users\/2"}],"replies":[{"embeddable":true,"href":"https:\/\/civile.ing.uniroma2.it\/index.php?rest_route=%2Fwp%2Fv2%2Fcomments&post=233"}],"version-history":[{"count":13,"href":"https:\/\/civile.ing.uniroma2.it\/index.php?rest_route=\/wp\/v2\/pages\/233\/revisions"}],"predecessor-version":[{"id":1869,"href":"https:\/\/civile.ing.uniroma2.it\/index.php?rest_route=\/wp\/v2\/pages\/233\/revisions\/1869"}],"wp:attachment":[{"href":"https:\/\/civile.ing.uniroma2.it\/index.php?rest_route=%2Fwp%2Fv2%2Fmedia&parent=233"}],"curies":[{"name":"wp","href":"https:\/\/api.w.org\/{rel}","templated":true}]}}