{"id":1958,"date":"2025-10-21T07:17:42","date_gmt":"2025-10-21T07:17:42","guid":{"rendered":"https:\/\/civile.ing.uniroma2.it\/?page_id=1958"},"modified":"2025-10-21T07:17:44","modified_gmt":"2025-10-21T07:17:44","slug":"logistica-territoriale","status":"publish","type":"page","link":"https:\/\/civile.ing.uniroma2.it\/?page_id=1958","title":{"rendered":"Logistica Territoriale"},"content":{"rendered":"<div class=\"wp-block-ub-divider ub_divider ub-divider-orientation-horizontal\" id=\"ub_divider_c0baffe8-1c42-42e6-9fcc-3bfa01e8b253\"><div class=\"ub_divider_wrapper\" style=\"position: relative; margin-bottom: 20px; width: 100%; height: 20px; \" data-divider-alignment=\"center\"><div class=\"ub_divider_line\" style=\"border-top: 5px solid #007d34; margin-top: 20px; \"><\/div><\/div><\/div>\n\n<div ><style>#sp-ea-1937 .spcollapsing { height: 0; overflow: hidden; transition-property: height;transition-duration: 300ms;}#sp-ea-1937.sp-easy-accordion>.sp-ea-single {margin-bottom: 2px; border: 1px solid #e2e2e2; }#sp-ea-1937.sp-easy-accordion>.sp-ea-single>.ea-header a {color: #444;}#sp-ea-1937.sp-easy-accordion>.sp-ea-single>.sp-collapse>.ea-body {background: #fff; color: #444;}#sp-ea-1937.sp-easy-accordion>.sp-ea-single {background: #eee;}#sp-ea-1937.sp-easy-accordion>.sp-ea-single>.ea-header a .ea-expand-icon { float: left; color: #444;font-size: 16px;}<\/style><div id=\"sp_easy_accordion-1760971576\"><div id=\"sp-ea-1937\" class=\"sp-ea-one sp-easy-accordion\" data-ea-active=\"ea-click\" data-ea-mode=\"vertical\" data-preloader=\"\" data-scroll-active-item=\"\" data-offset-to-scroll=\"0\"><div class=\"ea-card ea-expand sp-ea-single\"><h3 class=\"ea-header\"><a class=\"collapsed\" id=\"ea-header-19370\" role=\"button\" data-sptoggle=\"spcollapse\" data-sptarget=\"#collapse19370\" aria-controls=\"collapse19370\" href=\"#\" aria-expanded=\"true\" tabindex=\"0\"><i aria-hidden=\"true\" role=\"presentation\" class=\"ea-expand-icon eap-icon-ea-expand-minus\"><\/i> Informazioni generali<\/a><\/h3><div class=\"sp-collapse spcollapse collapsed show\" id=\"collapse19370\" data-parent=\"#sp-ea-1937\" role=\"region\" aria-labelledby=\"ea-header-19370\"> <div class=\"ea-body\"><p><strong>Docente:<\/strong> Antonio Comi<\/p><p><strong>Crediti:<\/strong> 9<\/p><p><strong>Lingua:<\/strong> Italiano<\/p><\/div><\/div><\/div><div class=\"ea-card sp-ea-single\"><h3 class=\"ea-header\"><a class=\"collapsed\" id=\"ea-header-19371\" role=\"button\" data-sptoggle=\"spcollapse\" data-sptarget=\"#collapse19371\" aria-controls=\"collapse19371\" href=\"#\" aria-expanded=\"false\" tabindex=\"0\"><i aria-hidden=\"true\" role=\"presentation\" class=\"ea-expand-icon eap-icon-ea-expand-plus\"><\/i> Obiettivi formativi<\/a><\/h3><div class=\"sp-collapse spcollapse \" id=\"collapse19371\" data-parent=\"#sp-ea-1937\" role=\"region\" aria-labelledby=\"ea-header-19371\"> <div class=\"ea-body\"><p>OBIETTIVI FORMATIVI: Conoscere aspetti metodologici, teorici ed applicativi dei temi di base della pianificazione e gestione operativa dei sistemi di trasporto merci e logistica. In particolare, vengono trattati gli aspetti fondamentali del trasporto merci extraurbano e dei metodi di progettazione degli interventi sui nodi merci. Una parte consistente del modulo \u00e8 finalizzata all\u2019analisi del trasporto urbano delle merci e delle misure di <em>city logistics management<\/em>. Al termine del corso, lo studente avr\u00e0 acquisito le competenze necessarie per analizzare e risolvere problemi connessi alla pianificazione e gestione di sistemi di trasporto merci e logistica in ambito urbano ed extraurbano.<\/p><p>CONOSCENZA E CAPACIT\u00c0 DI COMPRENSIONE: Il corso approfondisce sinergicamente gli aspetti teorici e metodologici, con casi di studio su situazioni reali, al fine di una conoscenza completa degli argomenti<\/p><p>CAPACIT\u00c0 DI APPLICARE CONOSCENZA E COMPRENSIONE: Durante il corso gli allievi conducono esercitazioni con applicazione delle metodologie a casi reali, anche con il supporto di moderni ed innovativi strumenti software. L&#8217;insegnamento prevede anche attivit\u00e0 seminariali e progettuali che renderanno l&#8217;allievo in grado di utilizzare manuali di riferimento per le prassi in uso.<\/p><p>AUTONOMIA DI GIUDIZIO: L&#8217;insegnamento fornir\u00e0 all&#8217;allievo le competenze per poter affrontare, formalizzare e risolvere autonomamente un problema applicativo di decisione nel campo della pianificazione su casi reali, e gestione operativa dei sistemi di trasporto merci e logistica.<\/p><p>ABILIT\u00c0 COMUNICATIVE: Le metodologie e i risultati delle esercitazioni individuali e di gruppo verranno riportati in rapporti di lavoro e in slide per migliorare le capacit\u00e0 comunicative e le capacit\u00e0 di operare in team.<\/p><p>CAPACIT\u00c0 DI APPRENDIMENTO: La capacit\u00e0 di apprendimento verr\u00e0 valutata tramite prove scritte in itinere, al fine della ripresa a lezione degli argomenti non bene assimilati e della regolazione della velocit\u00e0 di presentazione degli argomenti stessi.<\/p><\/div><\/div><\/div><div class=\"ea-card sp-ea-single\"><h3 class=\"ea-header\"><a class=\"collapsed\" id=\"ea-header-19372\" role=\"button\" data-sptoggle=\"spcollapse\" data-sptarget=\"#collapse19372\" aria-controls=\"collapse19372\" href=\"#\" aria-expanded=\"false\" tabindex=\"0\"><i aria-hidden=\"true\" role=\"presentation\" class=\"ea-expand-icon eap-icon-ea-expand-plus\"><\/i> Programma<\/a><\/h3><div class=\"sp-collapse spcollapse \" id=\"collapse19372\" data-parent=\"#sp-ea-1937\" role=\"region\" aria-labelledby=\"ea-header-19372\"> <div class=\"ea-body\"><ul><li>Introduzione alla Logistica e supply chain<\/li><li>Modelli di scelta discreta<\/li><li>Trasporto urbano merci (Urban\/City Logistics)<\/li><li>Distribuzione urbana merci: attori e problematiche<\/li><li>Mobilit\u00e0 per acquisti: indagini e modelli<\/li><li>Distribuzione merci: indagini e modelli<\/li><li>Misure di Logistica Urbana<\/li><li>Trasporto extraurbano merci<\/li><li>Modalit\u00e0 e costi di trasporto<\/li><li>Nodi del trasporto merci<\/li><li>Costo logistico del trasporto e scelta modale<\/li><li>I porti nella catena logistica<\/li><li>Terminali intermodali<\/li><li>Metodologie di valutazione degli interventi sul sistema di trasporto merci<\/li><\/ul><\/div><\/div><\/div><div class=\"ea-card sp-ea-single\"><h3 class=\"ea-header\"><a class=\"collapsed\" id=\"ea-header-19373\" role=\"button\" data-sptoggle=\"spcollapse\" data-sptarget=\"#collapse19373\" aria-controls=\"collapse19373\" href=\"#\" aria-expanded=\"false\" tabindex=\"0\"><i aria-hidden=\"true\" role=\"presentation\" class=\"ea-expand-icon eap-icon-ea-expand-plus\"><\/i> Prerequisiti richiesti<\/a><\/h3><div class=\"sp-collapse spcollapse \" id=\"collapse19373\" data-parent=\"#sp-ea-1937\" role=\"region\" aria-labelledby=\"ea-header-19373\"> <div class=\"ea-body\"><p>Non esistono propedeuticit\u00e0 obbligatorie da rispettare. \u00c8 tuttavia vivamente consigliato come prerequisito avere sostenuto gli esami dei seguenti insegnamenti: Teoria dei Sistemi di Trasporto<\/p><\/div><\/div><\/div><div class=\"ea-card sp-ea-single\"><h3 class=\"ea-header\"><a class=\"collapsed\" id=\"ea-header-19374\" role=\"button\" data-sptoggle=\"spcollapse\" data-sptarget=\"#collapse19374\" aria-controls=\"collapse19374\" href=\"#\" aria-expanded=\"false\" tabindex=\"0\"><i aria-hidden=\"true\" role=\"presentation\" class=\"ea-expand-icon eap-icon-ea-expand-plus\"><\/i> Metodi didattici<\/a><\/h3><div class=\"sp-collapse spcollapse \" id=\"collapse19374\" data-parent=\"#sp-ea-1937\" role=\"region\" aria-labelledby=\"ea-header-19374\"> <div class=\"ea-body\"><p>I metodi didattici impiegati si articolano in:<\/p><ul><li>Lezioni frontali in aula su tutti gli argomenti del programma;<\/li><li>Esercitazioni svolte mediante l&#8217;uso di software applicativi in ambiente MS Excel e R-project.<\/li><\/ul><p>Sono previste, inoltre, lezioni frontali a carattere seminariale e visite tecniche in cantiere.<\/p><\/div><\/div><\/div><div class=\"ea-card sp-ea-single\"><h3 class=\"ea-header\"><a class=\"collapsed\" id=\"ea-header-19375\" role=\"button\" data-sptoggle=\"spcollapse\" data-sptarget=\"#collapse19375\" aria-controls=\"collapse19375\" href=\"#\" aria-expanded=\"false\" tabindex=\"0\"><i aria-hidden=\"true\" role=\"presentation\" class=\"ea-expand-icon eap-icon-ea-expand-plus\"><\/i> Modalit\u00e0 di verifica<\/a><\/h3><div class=\"sp-collapse spcollapse \" id=\"collapse19375\" data-parent=\"#sp-ea-1937\" role=\"region\" aria-labelledby=\"ea-header-19375\"> <div class=\"ea-body\"><p>Prove scritte in itinere.<br \/>Prova orale.<br \/>Presentazione dell&#8217;elaborato esercitativo (progetto).<\/p><\/div><\/div><\/div><div class=\"ea-card sp-ea-single\"><h3 class=\"ea-header\"><a class=\"collapsed\" id=\"ea-header-19376\" role=\"button\" data-sptoggle=\"spcollapse\" data-sptarget=\"#collapse19376\" aria-controls=\"collapse19376\" href=\"#\" aria-expanded=\"false\" tabindex=\"0\"><i aria-hidden=\"true\" role=\"presentation\" class=\"ea-expand-icon eap-icon-ea-expand-plus\"><\/i> Testi di riferimento<\/a><\/h3><div class=\"sp-collapse spcollapse \" id=\"collapse19376\" data-parent=\"#sp-ea-1937\" role=\"region\" aria-labelledby=\"ea-header-19376\"> <div class=\"ea-body\"><p>A.A. V.V. \u201cTerritorio Economia Trasporti e Logistica\u201d, Vol. Terzo Metodologie di analisi e previsione della domanda merci \u2013 (seconda edizione).<\/p><p>Russo F. (2005). Sistemi di trasporto merci. Approcci quantitativi per il supporto alle decisioni di pianificazione strategica tattica ed operativa a scala nazionale.<\/p><\/div><\/div><\/div><div class=\"ea-card sp-ea-single\"><h3 class=\"ea-header\"><a class=\"collapsed\" id=\"ea-header-19377\" role=\"button\" data-sptoggle=\"spcollapse\" data-sptarget=\"#collapse19377\" aria-controls=\"collapse19377\" href=\"#\" aria-expanded=\"false\" tabindex=\"0\"><i aria-hidden=\"true\" role=\"presentation\" class=\"ea-expand-icon eap-icon-ea-expand-plus\"><\/i> Orario di ricevimento<\/a><\/h3><div class=\"sp-collapse spcollapse \" id=\"collapse19377\" data-parent=\"#sp-ea-1937\" role=\"region\" aria-labelledby=\"ea-header-19377\"> <div class=\"ea-body\"><p>L\u2019orario di ricevimento \u00e8 definito dal docente all\u2019inizio del semestre didattico, in accordo con gli studenti. Per ulteriori informazioni, contattare direttamente il docente.<\/p><\/div><\/div><\/div><div class=\"ea-card sp-ea-single\"><h3 class=\"ea-header\"><a class=\"collapsed\" id=\"ea-header-19378\" role=\"button\" data-sptoggle=\"spcollapse\" data-sptarget=\"#collapse19378\" aria-controls=\"collapse19378\" href=\"#\" aria-expanded=\"false\" tabindex=\"0\"><i aria-hidden=\"true\" role=\"presentation\" class=\"ea-expand-icon eap-icon-ea-expand-plus\"><\/i> Altre informazioni<\/a><\/h3><div class=\"sp-collapse spcollapse \" id=\"collapse19378\" data-parent=\"#sp-ea-1937\" role=\"region\" aria-labelledby=\"ea-header-19378\"> <div class=\"ea-body\"><p>Per maggiori informazioni consultare la pagina GOMP relativa all\u2019anno accademico di riferimento, dove \u00e8 possibile scaricare la Scheda completa dell\u2019Insegnamento.<\/p><\/div><\/div><\/div><\/div><\/div><\/div>","protected":false},"excerpt":{"rendered":"","protected":false},"author":2,"featured_media":0,"parent":0,"menu_order":0,"comment_status":"closed","ping_status":"closed","template":"","meta":{"ub_ctt_via":"","_zb_attr":"","zolo_post_video_link":"","footnotes":""},"class_list":["post-1958","page","type-page","status-publish","hentry"],"featured_image_src":null,"yoast_head":"<!-- This site is optimized with the Yoast SEO plugin v25.1 - https:\/\/yoast.com\/wordpress\/plugins\/seo\/ -->\n<title>Logistica Territoriale - Ingegneria Civile<\/title>\n<meta name=\"robots\" content=\"index, follow, max-snippet:-1, max-image-preview:large, max-video-preview:-1\" \/>\n<link rel=\"canonical\" href=\"https:\/\/civile.ing.uniroma2.it\/?page_id=1958\" \/>\n<meta property=\"og:locale\" content=\"it_IT\" \/>\n<meta property=\"og:type\" content=\"article\" \/>\n<meta property=\"og:title\" content=\"Logistica Territoriale - Ingegneria Civile\" \/>\n<meta property=\"og:url\" content=\"https:\/\/civile.ing.uniroma2.it\/?page_id=1958\" \/>\n<meta property=\"og:site_name\" content=\"Ingegneria Civile\" \/>\n<meta property=\"article:modified_time\" content=\"2025-10-21T07:17:44+00:00\" \/>\n<meta property=\"og:image\" content=\"https:\/\/civile.ing.uniroma2.it\/wp-content\/uploads\/2025\/05\/LOGO-ATENEO_PANTONE-7732-CP_Variante1_20230307.png\" \/>\n\t<meta property=\"og:image:width\" content=\"1194\" \/>\n\t<meta property=\"og:image:height\" content=\"1128\" \/>\n\t<meta property=\"og:image:type\" content=\"image\/png\" \/>\n<meta name=\"twitter:card\" content=\"summary_large_image\" \/>\n<script type=\"application\/ld+json\" class=\"yoast-schema-graph\">{\"@context\":\"https:\/\/schema.org\",\"@graph\":[{\"@type\":\"WebPage\",\"@id\":\"https:\/\/civile.ing.uniroma2.it\/?page_id=1958\",\"url\":\"https:\/\/civile.ing.uniroma2.it\/?page_id=1958\",\"name\":\"Logistica Territoriale - Ingegneria Civile\",\"isPartOf\":{\"@id\":\"https:\/\/civile.ing.uniroma2.it\/#website\"},\"datePublished\":\"2025-10-21T07:17:42+00:00\",\"dateModified\":\"2025-10-21T07:17:44+00:00\",\"breadcrumb\":{\"@id\":\"https:\/\/civile.ing.uniroma2.it\/?page_id=1958#breadcrumb\"},\"inLanguage\":\"it-IT\",\"potentialAction\":[{\"@type\":\"ReadAction\",\"target\":[\"https:\/\/civile.ing.uniroma2.it\/?page_id=1958\"]}]},{\"@type\":\"BreadcrumbList\",\"@id\":\"https:\/\/civile.ing.uniroma2.it\/?page_id=1958#breadcrumb\",\"itemListElement\":[{\"@type\":\"ListItem\",\"position\":1,\"name\":\"Home\",\"item\":\"https:\/\/civile.ing.uniroma2.it\/\"},{\"@type\":\"ListItem\",\"position\":2,\"name\":\"Logistica Territoriale\"}]},{\"@type\":\"WebSite\",\"@id\":\"https:\/\/civile.ing.uniroma2.it\/#website\",\"url\":\"https:\/\/civile.ing.uniroma2.it\/\",\"name\":\"Ingegneria Civile\",\"description\":\"Corso di Laurea Magistrale\",\"publisher\":{\"@id\":\"https:\/\/civile.ing.uniroma2.it\/#organization\"},\"potentialAction\":[{\"@type\":\"SearchAction\",\"target\":{\"@type\":\"EntryPoint\",\"urlTemplate\":\"https:\/\/civile.ing.uniroma2.it\/?s={search_term_string}\"},\"query-input\":{\"@type\":\"PropertyValueSpecification\",\"valueRequired\":true,\"valueName\":\"search_term_string\"}}],\"inLanguage\":\"it-IT\"},{\"@type\":\"Organization\",\"@id\":\"https:\/\/civile.ing.uniroma2.it\/#organization\",\"name\":\"Universit\u00e0 degli Studi di Roma Tor Vergata\",\"url\":\"https:\/\/civile.ing.uniroma2.it\/\",\"logo\":{\"@type\":\"ImageObject\",\"inLanguage\":\"it-IT\",\"@id\":\"https:\/\/civile.ing.uniroma2.it\/#\/schema\/logo\/image\/\",\"url\":\"https:\/\/civile.ing.uniroma2.it\/wp-content\/uploads\/2025\/05\/LOGO-ATENEO_PANTONE-7732-CP_Variante1_20230307.png\",\"contentUrl\":\"https:\/\/civile.ing.uniroma2.it\/wp-content\/uploads\/2025\/05\/LOGO-ATENEO_PANTONE-7732-CP_Variante1_20230307.png\",\"width\":1194,\"height\":1128,\"caption\":\"Universit\u00e0 degli Studi di Roma Tor Vergata\"},\"image\":{\"@id\":\"https:\/\/civile.ing.uniroma2.it\/#\/schema\/logo\/image\/\"}}]}<\/script>\n<!-- \/ Yoast SEO plugin. -->","yoast_head_json":{"title":"Logistica Territoriale - Ingegneria Civile","robots":{"index":"index","follow":"follow","max-snippet":"max-snippet:-1","max-image-preview":"max-image-preview:large","max-video-preview":"max-video-preview:-1"},"canonical":"https:\/\/civile.ing.uniroma2.it\/?page_id=1958","og_locale":"it_IT","og_type":"article","og_title":"Logistica Territoriale - Ingegneria Civile","og_url":"https:\/\/civile.ing.uniroma2.it\/?page_id=1958","og_site_name":"Ingegneria Civile","article_modified_time":"2025-10-21T07:17:44+00:00","og_image":[{"width":1194,"height":1128,"url":"https:\/\/civile.ing.uniroma2.it\/wp-content\/uploads\/2025\/05\/LOGO-ATENEO_PANTONE-7732-CP_Variante1_20230307.png","type":"image\/png"}],"twitter_card":"summary_large_image","schema":{"@context":"https:\/\/schema.org","@graph":[{"@type":"WebPage","@id":"https:\/\/civile.ing.uniroma2.it\/?page_id=1958","url":"https:\/\/civile.ing.uniroma2.it\/?page_id=1958","name":"Logistica Territoriale - Ingegneria Civile","isPartOf":{"@id":"https:\/\/civile.ing.uniroma2.it\/#website"},"datePublished":"2025-10-21T07:17:42+00:00","dateModified":"2025-10-21T07:17:44+00:00","breadcrumb":{"@id":"https:\/\/civile.ing.uniroma2.it\/?page_id=1958#breadcrumb"},"inLanguage":"it-IT","potentialAction":[{"@type":"ReadAction","target":["https:\/\/civile.ing.uniroma2.it\/?page_id=1958"]}]},{"@type":"BreadcrumbList","@id":"https:\/\/civile.ing.uniroma2.it\/?page_id=1958#breadcrumb","itemListElement":[{"@type":"ListItem","position":1,"name":"Home","item":"https:\/\/civile.ing.uniroma2.it\/"},{"@type":"ListItem","position":2,"name":"Logistica Territoriale"}]},{"@type":"WebSite","@id":"https:\/\/civile.ing.uniroma2.it\/#website","url":"https:\/\/civile.ing.uniroma2.it\/","name":"Ingegneria Civile","description":"Corso di Laurea Magistrale","publisher":{"@id":"https:\/\/civile.ing.uniroma2.it\/#organization"},"potentialAction":[{"@type":"SearchAction","target":{"@type":"EntryPoint","urlTemplate":"https:\/\/civile.ing.uniroma2.it\/?s={search_term_string}"},"query-input":{"@type":"PropertyValueSpecification","valueRequired":true,"valueName":"search_term_string"}}],"inLanguage":"it-IT"},{"@type":"Organization","@id":"https:\/\/civile.ing.uniroma2.it\/#organization","name":"Universit\u00e0 degli Studi di Roma Tor Vergata","url":"https:\/\/civile.ing.uniroma2.it\/","logo":{"@type":"ImageObject","inLanguage":"it-IT","@id":"https:\/\/civile.ing.uniroma2.it\/#\/schema\/logo\/image\/","url":"https:\/\/civile.ing.uniroma2.it\/wp-content\/uploads\/2025\/05\/LOGO-ATENEO_PANTONE-7732-CP_Variante1_20230307.png","contentUrl":"https:\/\/civile.ing.uniroma2.it\/wp-content\/uploads\/2025\/05\/LOGO-ATENEO_PANTONE-7732-CP_Variante1_20230307.png","width":1194,"height":1128,"caption":"Universit\u00e0 degli Studi di Roma Tor Vergata"},"image":{"@id":"https:\/\/civile.ing.uniroma2.it\/#\/schema\/logo\/image\/"}}]}},"_links":{"self":[{"href":"https:\/\/civile.ing.uniroma2.it\/index.php?rest_route=\/wp\/v2\/pages\/1958","targetHints":{"allow":["GET"]}}],"collection":[{"href":"https:\/\/civile.ing.uniroma2.it\/index.php?rest_route=\/wp\/v2\/pages"}],"about":[{"href":"https:\/\/civile.ing.uniroma2.it\/index.php?rest_route=\/wp\/v2\/types\/page"}],"author":[{"embeddable":true,"href":"https:\/\/civile.ing.uniroma2.it\/index.php?rest_route=\/wp\/v2\/users\/2"}],"replies":[{"embeddable":true,"href":"https:\/\/civile.ing.uniroma2.it\/index.php?rest_route=%2Fwp%2Fv2%2Fcomments&post=1958"}],"version-history":[{"count":1,"href":"https:\/\/civile.ing.uniroma2.it\/index.php?rest_route=\/wp\/v2\/pages\/1958\/revisions"}],"predecessor-version":[{"id":1959,"href":"https:\/\/civile.ing.uniroma2.it\/index.php?rest_route=\/wp\/v2\/pages\/1958\/revisions\/1959"}],"wp:attachment":[{"href":"https:\/\/civile.ing.uniroma2.it\/index.php?rest_route=%2Fwp%2Fv2%2Fmedia&parent=1958"}],"curies":[{"name":"wp","href":"https:\/\/api.w.org\/{rel}","templated":true}]}}