{"id":1956,"date":"2025-10-21T07:16:25","date_gmt":"2025-10-21T07:16:25","guid":{"rendered":"https:\/\/civile.ing.uniroma2.it\/?page_id=1956"},"modified":"2025-10-21T07:16:27","modified_gmt":"2025-10-21T07:16:27","slug":"teoria-e-tecnica-della-circolazione","status":"publish","type":"page","link":"https:\/\/civile.ing.uniroma2.it\/?page_id=1956","title":{"rendered":"Teoria e Tecnica della Circolazione"},"content":{"rendered":"<div class=\"wp-block-ub-divider ub_divider ub-divider-orientation-horizontal\" id=\"ub_divider_3a9228de-9ae6-47c3-8d46-f14010f7297e\"><div class=\"ub_divider_wrapper\" style=\"position: relative; margin-bottom: 20px; width: 100%; height: 20px; \" data-divider-alignment=\"center\"><div class=\"ub_divider_line\" style=\"border-top: 5px solid #007d34; margin-top: 20px; \"><\/div><\/div><\/div>\n\n<div ><style>#sp-ea-1938 .spcollapsing { height: 0; overflow: hidden; transition-property: height;transition-duration: 300ms;}#sp-ea-1938.sp-easy-accordion>.sp-ea-single {margin-bottom: 2px; border: 1px solid #e2e2e2; }#sp-ea-1938.sp-easy-accordion>.sp-ea-single>.ea-header a {color: #444;}#sp-ea-1938.sp-easy-accordion>.sp-ea-single>.sp-collapse>.ea-body {background: #fff; color: #444;}#sp-ea-1938.sp-easy-accordion>.sp-ea-single {background: #eee;}#sp-ea-1938.sp-easy-accordion>.sp-ea-single>.ea-header a .ea-expand-icon { float: left; color: #444;font-size: 16px;}<\/style><div id=\"sp_easy_accordion-1760972064\"><div id=\"sp-ea-1938\" class=\"sp-ea-one sp-easy-accordion\" data-ea-active=\"ea-click\" data-ea-mode=\"vertical\" data-preloader=\"\" data-scroll-active-item=\"\" data-offset-to-scroll=\"0\"><div class=\"ea-card ea-expand sp-ea-single\"><h3 class=\"ea-header\"><a class=\"collapsed\" id=\"ea-header-19380\" role=\"button\" data-sptoggle=\"spcollapse\" data-sptarget=\"#collapse19380\" aria-controls=\"collapse19380\" href=\"#\" aria-expanded=\"true\" tabindex=\"0\"><i aria-hidden=\"true\" role=\"presentation\" class=\"ea-expand-icon eap-icon-ea-expand-minus\"><\/i> Informazioni generali<\/a><\/h3><div class=\"sp-collapse spcollapse collapsed show\" id=\"collapse19380\" data-parent=\"#sp-ea-1938\" role=\"region\" aria-labelledby=\"ea-header-19380\"> <div class=\"ea-body\"><p><strong>Docente:<\/strong> Umberto Crisalli<\/p><p><strong>Crediti:<\/strong> 9<\/p><p><strong>Lingua:<\/strong> Italiano<\/p><\/div><\/div><\/div><div class=\"ea-card sp-ea-single\"><h3 class=\"ea-header\"><a class=\"collapsed\" id=\"ea-header-19381\" role=\"button\" data-sptoggle=\"spcollapse\" data-sptarget=\"#collapse19381\" aria-controls=\"collapse19381\" href=\"#\" aria-expanded=\"false\" tabindex=\"0\"><i aria-hidden=\"true\" role=\"presentation\" class=\"ea-expand-icon eap-icon-ea-expand-plus\"><\/i> Obiettivi formativi<\/a><\/h3><div class=\"sp-collapse spcollapse \" id=\"collapse19381\" data-parent=\"#sp-ea-1938\" role=\"region\" aria-labelledby=\"ea-header-19381\"> <div class=\"ea-body\"><p>OBIETTIVI FORMATIVI:\u00a0Introdurre i principi della teoria e tecnica del deflusso veicolare.\u00a0Trattare i modelli e metodi quantitativi utilizzati per l&#8217;analisi del deflusso veicolare sia sulle autostrade sia sulle strade urbane, finalizzati anche al supporto e alla progettazione e gestione delle reti.<\/p><p>CONOSCENZA E CAPACIT\u00c0 DI COMPRENSIONE: Il corso approfondisce sinergicamente gli aspetti teorici e metodologici, con applicazioni su casi di esempio ed analisi di casi di studio su situazioni reali, al fine di una conoscenza completa degli argomenti.<\/p><p>CAPACIT\u00c0 DI APPLICARE CONOSCENZA E COMPRENSIONE: Durante il corso gli allievi conducono un&#8217;attivit\u00e0 progettuale con applicazione delle metodologie ad un caso di esempio di dimensioni reali, che prevede anche l&#8217;utilizzo di software specialistico di simulazione. Sono previste anche attivit\u00e0 seminariali in cui vengono presentati casi di studio dimostrativi delle prassi in uso nella corrente pratica professionale.<\/p><p>AUTONOMIA DI GIUDIZIO: L\u2019insegnamento fornir\u00e0 all\u2019allievo le competenze per poter affrontare, formalizzare e risolvere autonomamente un problema applicativo, su casi reali, di decisione nel campo della pianificazione, progettazione e gestione dei sistemi di trasporto stradali, incluse le loro specializzazioni in chiave di sostenibilit\u00e0 e smart mobility (sistemi di trasporto intelligenti)).<\/p><p>ABILIT\u00c0 COMUNICATIVE: Le metodologie ed i risultati delle attivit\u00e0 progettuali individuali e di gruppo verranno riportati in rapporti di lavoro ed in slides per migliorare le capacit\u00e0 comunicative e le capacit\u00e0 di operare in team.<\/p><p>CAPACIT\u00c0 DI APPRENDIMENTO: La capacit\u00e0 di apprendimento verr\u00e0 valutata anche tramite prove scritte in itinere, finalizzate a meglio calibrare la ripresa di argomenti non bene assimilati nonch\u00e9 la velocit\u00e0 di somministrazione degli argomenti stessi durante il corso.<\/p><\/div><\/div><\/div><div class=\"ea-card sp-ea-single\"><h3 class=\"ea-header\"><a class=\"collapsed\" id=\"ea-header-19382\" role=\"button\" data-sptoggle=\"spcollapse\" data-sptarget=\"#collapse19382\" aria-controls=\"collapse19382\" href=\"#\" aria-expanded=\"false\" tabindex=\"0\"><i aria-hidden=\"true\" role=\"presentation\" class=\"ea-expand-icon eap-icon-ea-expand-plus\"><\/i> Programma<\/a><\/h3><div class=\"sp-collapse spcollapse \" id=\"collapse19382\" data-parent=\"#sp-ea-1938\" role=\"region\" aria-labelledby=\"ea-header-19382\"> <div class=\"ea-body\"><ul><li>Introduzione all\u2019ingegneria del traffico.<\/li><li>Richiami di modelli di simulazione del traffico stradale<ul><li>rappresentazione dell\u2019offerta di trasporto<\/li><li>Previsione della domanda di trasporto<\/li><li>scelta del percorso<\/li><li>interazione domanda-offerta: assegnazione di equilibrio con condizioni di esistenza ed unicit\u00e0 ed algoritmi per il calcolo dei flussi su rete<\/li><\/ul><\/li><li>Teoria del deflusso ininterrotto<ul><li>variabili del deflusso<\/li><li>modelli statistici delle variabili di deflusso<\/li><li>condizioni di deflusso forzato<\/li><li>relazioni velocit\u00e0-densit\u00e0-portata<\/li><li>capacit\u00e0 e livelli di servizio.<\/li><\/ul><\/li><li>Teoria del deflusso alle intersezioni<ul><li>intersezioni semaforizzate<\/li><li>rotatorie<\/li><\/ul><\/li><li>Progetto di Traffico: simulazione degli effetti di interventi sul sistema di trasporto stradale di una citt\u00e0 di medie dimensioni.<\/li><\/ul><\/div><\/div><\/div><div class=\"ea-card sp-ea-single\"><h3 class=\"ea-header\"><a class=\"collapsed\" id=\"ea-header-19383\" role=\"button\" data-sptoggle=\"spcollapse\" data-sptarget=\"#collapse19383\" aria-controls=\"collapse19383\" href=\"#\" aria-expanded=\"false\" tabindex=\"0\"><i aria-hidden=\"true\" role=\"presentation\" class=\"ea-expand-icon eap-icon-ea-expand-plus\"><\/i> Prerequisiti richiesti<\/a><\/h3><div class=\"sp-collapse spcollapse \" id=\"collapse19383\" data-parent=\"#sp-ea-1938\" role=\"region\" aria-labelledby=\"ea-header-19383\"> <div class=\"ea-body\"><p>Non esistono propedeuticit\u00e0 obbligatorie da rispettare. \u00c8 tuttavia vivamente consigliato come prerequisito avere sostenuto gli esami dei seguenti insegnamenti: Teoria dei Sistemi di Trasporto<\/p><\/div><\/div><\/div><div class=\"ea-card sp-ea-single\"><h3 class=\"ea-header\"><a class=\"collapsed\" id=\"ea-header-19384\" role=\"button\" data-sptoggle=\"spcollapse\" data-sptarget=\"#collapse19384\" aria-controls=\"collapse19384\" href=\"#\" aria-expanded=\"false\" tabindex=\"0\"><i aria-hidden=\"true\" role=\"presentation\" class=\"ea-expand-icon eap-icon-ea-expand-plus\"><\/i> Metodi didattici<\/a><\/h3><div class=\"sp-collapse spcollapse \" id=\"collapse19384\" data-parent=\"#sp-ea-1938\" role=\"region\" aria-labelledby=\"ea-header-19384\"> <div class=\"ea-body\"><p>I metodi didattici impiegati si articolano in:<\/p><ul><li>Lezioni frontali in aula su tutti gli argomenti del programma;<\/li><li>Redazione di un progetto di traffico mediante l&#8217;uso di software applicativi specialistici.<\/li><\/ul><p>Gli argomenti potranno essere approfonditi con lezioni frontali a carattere seminariale e visite tecniche.<\/p><\/div><\/div><\/div><div class=\"ea-card sp-ea-single\"><h3 class=\"ea-header\"><a class=\"collapsed\" id=\"ea-header-19385\" role=\"button\" data-sptoggle=\"spcollapse\" data-sptarget=\"#collapse19385\" aria-controls=\"collapse19385\" href=\"#\" aria-expanded=\"false\" tabindex=\"0\"><i aria-hidden=\"true\" role=\"presentation\" class=\"ea-expand-icon eap-icon-ea-expand-plus\"><\/i> Modalit\u00e0 di verifica<\/a><\/h3><div class=\"sp-collapse spcollapse \" id=\"collapse19385\" data-parent=\"#sp-ea-1938\" role=\"region\" aria-labelledby=\"ea-header-19385\"> <div class=\"ea-body\"><p>Prova orale.<br \/>Presentazione dell&#8217;elaborato di progetto.<\/p><\/div><\/div><\/div><div class=\"ea-card sp-ea-single\"><h3 class=\"ea-header\"><a class=\"collapsed\" id=\"ea-header-19386\" role=\"button\" data-sptoggle=\"spcollapse\" data-sptarget=\"#collapse19386\" aria-controls=\"collapse19386\" href=\"#\" aria-expanded=\"false\" tabindex=\"0\"><i aria-hidden=\"true\" role=\"presentation\" class=\"ea-expand-icon eap-icon-ea-expand-plus\"><\/i> Testi di riferimento<\/a><\/h3><div class=\"sp-collapse spcollapse \" id=\"collapse19386\" data-parent=\"#sp-ea-1938\" role=\"region\" aria-labelledby=\"ea-header-19386\"> <div class=\"ea-body\"><p>Cascetta E. &#8220;Modelli per i sistemi di trasporto &#8211; Teoria e applicazioni&#8221;, UTET<\/p><p>Cantarella G.E. &#8220;Introduzione alla tecnica dei trasporti e del traffico con elementi di economia dei trasporti&#8221;, UTET<\/p><p>Crisalli U. &#8220;Guida al Progetto di Traffico&#8221;, Materiale del corso<\/p><p>Appunti e slides del corso<\/p><\/div><\/div><\/div><div class=\"ea-card sp-ea-single\"><h3 class=\"ea-header\"><a class=\"collapsed\" id=\"ea-header-19387\" role=\"button\" data-sptoggle=\"spcollapse\" data-sptarget=\"#collapse19387\" aria-controls=\"collapse19387\" href=\"#\" aria-expanded=\"false\" tabindex=\"0\"><i aria-hidden=\"true\" role=\"presentation\" class=\"ea-expand-icon eap-icon-ea-expand-plus\"><\/i> Orario di ricevimento<\/a><\/h3><div class=\"sp-collapse spcollapse \" id=\"collapse19387\" data-parent=\"#sp-ea-1938\" role=\"region\" aria-labelledby=\"ea-header-19387\"> <div class=\"ea-body\"><p>L\u2019orario di ricevimento \u00e8 definito dal docente all\u2019inizio del semestre didattico, in accordo con gli studenti. Per ulteriori informazioni, contattare direttamente il docente.<\/p><\/div><\/div><\/div><div class=\"ea-card sp-ea-single\"><h3 class=\"ea-header\"><a class=\"collapsed\" id=\"ea-header-19388\" role=\"button\" data-sptoggle=\"spcollapse\" data-sptarget=\"#collapse19388\" aria-controls=\"collapse19388\" href=\"#\" aria-expanded=\"false\" tabindex=\"0\"><i aria-hidden=\"true\" role=\"presentation\" class=\"ea-expand-icon eap-icon-ea-expand-plus\"><\/i> Altre informazioni<\/a><\/h3><div class=\"sp-collapse spcollapse \" id=\"collapse19388\" data-parent=\"#sp-ea-1938\" role=\"region\" aria-labelledby=\"ea-header-19388\"> <div class=\"ea-body\"><p>Per maggiori informazioni consultare la pagina GOMP relativa all\u2019anno accademico di riferimento, dove \u00e8 possibile scaricare la Scheda completa dell\u2019Insegnamento.<\/p><\/div><\/div><\/div><\/div><\/div><\/div>","protected":false},"excerpt":{"rendered":"","protected":false},"author":2,"featured_media":0,"parent":0,"menu_order":0,"comment_status":"closed","ping_status":"closed","template":"","meta":{"ub_ctt_via":"","_zb_attr":"","zolo_post_video_link":"","footnotes":""},"class_list":["post-1956","page","type-page","status-publish","hentry"],"featured_image_src":null,"yoast_head":"<!-- This site is optimized with the Yoast SEO plugin v25.1 - https:\/\/yoast.com\/wordpress\/plugins\/seo\/ -->\n<title>Teoria e Tecnica della Circolazione - Ingegneria Civile<\/title>\n<meta name=\"robots\" content=\"index, follow, max-snippet:-1, max-image-preview:large, max-video-preview:-1\" \/>\n<link rel=\"canonical\" href=\"https:\/\/civile.ing.uniroma2.it\/?page_id=1956\" \/>\n<meta property=\"og:locale\" content=\"it_IT\" \/>\n<meta property=\"og:type\" content=\"article\" \/>\n<meta property=\"og:title\" content=\"Teoria e Tecnica della Circolazione - Ingegneria Civile\" \/>\n<meta property=\"og:url\" content=\"https:\/\/civile.ing.uniroma2.it\/?page_id=1956\" \/>\n<meta property=\"og:site_name\" content=\"Ingegneria Civile\" \/>\n<meta property=\"article:modified_time\" content=\"2025-10-21T07:16:27+00:00\" \/>\n<meta property=\"og:image\" content=\"https:\/\/civile.ing.uniroma2.it\/wp-content\/uploads\/2025\/05\/LOGO-ATENEO_PANTONE-7732-CP_Variante1_20230307.png\" \/>\n\t<meta property=\"og:image:width\" content=\"1194\" \/>\n\t<meta property=\"og:image:height\" content=\"1128\" \/>\n\t<meta property=\"og:image:type\" content=\"image\/png\" \/>\n<meta name=\"twitter:card\" content=\"summary_large_image\" \/>\n<script type=\"application\/ld+json\" class=\"yoast-schema-graph\">{\"@context\":\"https:\/\/schema.org\",\"@graph\":[{\"@type\":\"WebPage\",\"@id\":\"https:\/\/civile.ing.uniroma2.it\/?page_id=1956\",\"url\":\"https:\/\/civile.ing.uniroma2.it\/?page_id=1956\",\"name\":\"Teoria e Tecnica della Circolazione - Ingegneria Civile\",\"isPartOf\":{\"@id\":\"https:\/\/civile.ing.uniroma2.it\/#website\"},\"datePublished\":\"2025-10-21T07:16:25+00:00\",\"dateModified\":\"2025-10-21T07:16:27+00:00\",\"breadcrumb\":{\"@id\":\"https:\/\/civile.ing.uniroma2.it\/?page_id=1956#breadcrumb\"},\"inLanguage\":\"it-IT\",\"potentialAction\":[{\"@type\":\"ReadAction\",\"target\":[\"https:\/\/civile.ing.uniroma2.it\/?page_id=1956\"]}]},{\"@type\":\"BreadcrumbList\",\"@id\":\"https:\/\/civile.ing.uniroma2.it\/?page_id=1956#breadcrumb\",\"itemListElement\":[{\"@type\":\"ListItem\",\"position\":1,\"name\":\"Home\",\"item\":\"https:\/\/civile.ing.uniroma2.it\/\"},{\"@type\":\"ListItem\",\"position\":2,\"name\":\"Teoria e Tecnica della Circolazione\"}]},{\"@type\":\"WebSite\",\"@id\":\"https:\/\/civile.ing.uniroma2.it\/#website\",\"url\":\"https:\/\/civile.ing.uniroma2.it\/\",\"name\":\"Ingegneria Civile\",\"description\":\"Corso di Laurea Magistrale\",\"publisher\":{\"@id\":\"https:\/\/civile.ing.uniroma2.it\/#organization\"},\"potentialAction\":[{\"@type\":\"SearchAction\",\"target\":{\"@type\":\"EntryPoint\",\"urlTemplate\":\"https:\/\/civile.ing.uniroma2.it\/?s={search_term_string}\"},\"query-input\":{\"@type\":\"PropertyValueSpecification\",\"valueRequired\":true,\"valueName\":\"search_term_string\"}}],\"inLanguage\":\"it-IT\"},{\"@type\":\"Organization\",\"@id\":\"https:\/\/civile.ing.uniroma2.it\/#organization\",\"name\":\"Universit\u00e0 degli Studi di Roma Tor Vergata\",\"url\":\"https:\/\/civile.ing.uniroma2.it\/\",\"logo\":{\"@type\":\"ImageObject\",\"inLanguage\":\"it-IT\",\"@id\":\"https:\/\/civile.ing.uniroma2.it\/#\/schema\/logo\/image\/\",\"url\":\"https:\/\/civile.ing.uniroma2.it\/wp-content\/uploads\/2025\/05\/LOGO-ATENEO_PANTONE-7732-CP_Variante1_20230307.png\",\"contentUrl\":\"https:\/\/civile.ing.uniroma2.it\/wp-content\/uploads\/2025\/05\/LOGO-ATENEO_PANTONE-7732-CP_Variante1_20230307.png\",\"width\":1194,\"height\":1128,\"caption\":\"Universit\u00e0 degli Studi di Roma Tor Vergata\"},\"image\":{\"@id\":\"https:\/\/civile.ing.uniroma2.it\/#\/schema\/logo\/image\/\"}}]}<\/script>\n<!-- \/ Yoast SEO plugin. -->","yoast_head_json":{"title":"Teoria e Tecnica della Circolazione - Ingegneria Civile","robots":{"index":"index","follow":"follow","max-snippet":"max-snippet:-1","max-image-preview":"max-image-preview:large","max-video-preview":"max-video-preview:-1"},"canonical":"https:\/\/civile.ing.uniroma2.it\/?page_id=1956","og_locale":"it_IT","og_type":"article","og_title":"Teoria e Tecnica della Circolazione - Ingegneria Civile","og_url":"https:\/\/civile.ing.uniroma2.it\/?page_id=1956","og_site_name":"Ingegneria Civile","article_modified_time":"2025-10-21T07:16:27+00:00","og_image":[{"width":1194,"height":1128,"url":"https:\/\/civile.ing.uniroma2.it\/wp-content\/uploads\/2025\/05\/LOGO-ATENEO_PANTONE-7732-CP_Variante1_20230307.png","type":"image\/png"}],"twitter_card":"summary_large_image","schema":{"@context":"https:\/\/schema.org","@graph":[{"@type":"WebPage","@id":"https:\/\/civile.ing.uniroma2.it\/?page_id=1956","url":"https:\/\/civile.ing.uniroma2.it\/?page_id=1956","name":"Teoria e Tecnica della Circolazione - Ingegneria Civile","isPartOf":{"@id":"https:\/\/civile.ing.uniroma2.it\/#website"},"datePublished":"2025-10-21T07:16:25+00:00","dateModified":"2025-10-21T07:16:27+00:00","breadcrumb":{"@id":"https:\/\/civile.ing.uniroma2.it\/?page_id=1956#breadcrumb"},"inLanguage":"it-IT","potentialAction":[{"@type":"ReadAction","target":["https:\/\/civile.ing.uniroma2.it\/?page_id=1956"]}]},{"@type":"BreadcrumbList","@id":"https:\/\/civile.ing.uniroma2.it\/?page_id=1956#breadcrumb","itemListElement":[{"@type":"ListItem","position":1,"name":"Home","item":"https:\/\/civile.ing.uniroma2.it\/"},{"@type":"ListItem","position":2,"name":"Teoria e Tecnica della Circolazione"}]},{"@type":"WebSite","@id":"https:\/\/civile.ing.uniroma2.it\/#website","url":"https:\/\/civile.ing.uniroma2.it\/","name":"Ingegneria Civile","description":"Corso di Laurea Magistrale","publisher":{"@id":"https:\/\/civile.ing.uniroma2.it\/#organization"},"potentialAction":[{"@type":"SearchAction","target":{"@type":"EntryPoint","urlTemplate":"https:\/\/civile.ing.uniroma2.it\/?s={search_term_string}"},"query-input":{"@type":"PropertyValueSpecification","valueRequired":true,"valueName":"search_term_string"}}],"inLanguage":"it-IT"},{"@type":"Organization","@id":"https:\/\/civile.ing.uniroma2.it\/#organization","name":"Universit\u00e0 degli Studi di Roma Tor Vergata","url":"https:\/\/civile.ing.uniroma2.it\/","logo":{"@type":"ImageObject","inLanguage":"it-IT","@id":"https:\/\/civile.ing.uniroma2.it\/#\/schema\/logo\/image\/","url":"https:\/\/civile.ing.uniroma2.it\/wp-content\/uploads\/2025\/05\/LOGO-ATENEO_PANTONE-7732-CP_Variante1_20230307.png","contentUrl":"https:\/\/civile.ing.uniroma2.it\/wp-content\/uploads\/2025\/05\/LOGO-ATENEO_PANTONE-7732-CP_Variante1_20230307.png","width":1194,"height":1128,"caption":"Universit\u00e0 degli Studi di Roma Tor Vergata"},"image":{"@id":"https:\/\/civile.ing.uniroma2.it\/#\/schema\/logo\/image\/"}}]}},"_links":{"self":[{"href":"https:\/\/civile.ing.uniroma2.it\/index.php?rest_route=\/wp\/v2\/pages\/1956","targetHints":{"allow":["GET"]}}],"collection":[{"href":"https:\/\/civile.ing.uniroma2.it\/index.php?rest_route=\/wp\/v2\/pages"}],"about":[{"href":"https:\/\/civile.ing.uniroma2.it\/index.php?rest_route=\/wp\/v2\/types\/page"}],"author":[{"embeddable":true,"href":"https:\/\/civile.ing.uniroma2.it\/index.php?rest_route=\/wp\/v2\/users\/2"}],"replies":[{"embeddable":true,"href":"https:\/\/civile.ing.uniroma2.it\/index.php?rest_route=%2Fwp%2Fv2%2Fcomments&post=1956"}],"version-history":[{"count":1,"href":"https:\/\/civile.ing.uniroma2.it\/index.php?rest_route=\/wp\/v2\/pages\/1956\/revisions"}],"predecessor-version":[{"id":1957,"href":"https:\/\/civile.ing.uniroma2.it\/index.php?rest_route=\/wp\/v2\/pages\/1956\/revisions\/1957"}],"wp:attachment":[{"href":"https:\/\/civile.ing.uniroma2.it\/index.php?rest_route=%2Fwp%2Fv2%2Fmedia&parent=1956"}],"curies":[{"name":"wp","href":"https:\/\/api.w.org\/{rel}","templated":true}]}}