{"id":1949,"date":"2025-10-21T07:11:52","date_gmt":"2025-10-21T07:11:52","guid":{"rendered":"https:\/\/civile.ing.uniroma2.it\/?page_id=1949"},"modified":"2025-10-21T07:11:54","modified_gmt":"2025-10-21T07:11:54","slug":"costruzioni-in-c-a-esistenti","status":"publish","type":"page","link":"https:\/\/civile.ing.uniroma2.it\/?page_id=1949","title":{"rendered":"Costruzioni in c.a. esistenti"},"content":{"rendered":"<div class=\"wp-block-ub-divider ub_divider ub-divider-orientation-horizontal\" id=\"ub_divider_5c13094a-afea-4dd7-bffc-7abef25bbad4\"><div class=\"ub_divider_wrapper\" style=\"position: relative; margin-bottom: 20px; width: 100%; height: 20px; \" data-divider-alignment=\"center\"><div class=\"ub_divider_line\" style=\"border-top: 5px solid #007d34; margin-top: 20px; \"><\/div><\/div><\/div>\n\n<div ><style>#sp-ea-1940 .spcollapsing { height: 0; overflow: hidden; transition-property: height;transition-duration: 300ms;}#sp-ea-1940.sp-easy-accordion>.sp-ea-single {margin-bottom: 2px; border: 1px solid #e2e2e2; }#sp-ea-1940.sp-easy-accordion>.sp-ea-single>.ea-header a {color: #444;}#sp-ea-1940.sp-easy-accordion>.sp-ea-single>.sp-collapse>.ea-body {background: #fff; color: #444;}#sp-ea-1940.sp-easy-accordion>.sp-ea-single {background: #eee;}#sp-ea-1940.sp-easy-accordion>.sp-ea-single>.ea-header a .ea-expand-icon { float: left; color: #444;font-size: 16px;}<\/style><div id=\"sp_easy_accordion-1760972967\"><div id=\"sp-ea-1940\" class=\"sp-ea-one sp-easy-accordion\" data-ea-active=\"ea-click\" data-ea-mode=\"vertical\" data-preloader=\"\" data-scroll-active-item=\"\" data-offset-to-scroll=\"0\"><div class=\"ea-card ea-expand sp-ea-single\"><h3 class=\"ea-header\"><a class=\"collapsed\" id=\"ea-header-19400\" role=\"button\" data-sptoggle=\"spcollapse\" data-sptarget=\"#collapse19400\" aria-controls=\"collapse19400\" href=\"#\" aria-expanded=\"true\" tabindex=\"0\"><i aria-hidden=\"true\" role=\"presentation\" class=\"ea-expand-icon eap-icon-ea-expand-minus\"><\/i> Informazioni generali<\/a><\/h3><div class=\"sp-collapse spcollapse collapsed show\" id=\"collapse19400\" data-parent=\"#sp-ea-1940\" role=\"region\" aria-labelledby=\"ea-header-19400\"> <div class=\"ea-body\"><p><strong>Docente:<\/strong> Fabio Di Carlo<\/p><p><strong>Crediti:<\/strong> 9<\/p><p><strong>Lingua:<\/strong> Italiano<\/p><\/div><\/div><\/div><div class=\"ea-card sp-ea-single\"><h3 class=\"ea-header\"><a class=\"collapsed\" id=\"ea-header-19401\" role=\"button\" data-sptoggle=\"spcollapse\" data-sptarget=\"#collapse19401\" aria-controls=\"collapse19401\" href=\"#\" aria-expanded=\"false\" tabindex=\"0\"><i aria-hidden=\"true\" role=\"presentation\" class=\"ea-expand-icon eap-icon-ea-expand-plus\"><\/i> Obiettivi formativi<\/a><\/h3><div class=\"sp-collapse spcollapse \" id=\"collapse19401\" data-parent=\"#sp-ea-1940\" role=\"region\" aria-labelledby=\"ea-header-19401\"> <div class=\"ea-body\"><p>OBIETTIVI FORMATIVI: Il corso prevede di formare gli studenti nella valutazione della sicurezza di strutture esistenti in c.a.<\/p><p>CONOSCENZA E CAPACIT\u00c0 DI COMPRENSIONE: Si prevede di acquisire conoscenze relative all&#8217;analisi di costruzioni in c.a. esistenti<\/p><p>CAPACIT\u00c0 DI APPLICARE CONOSCENZA E COMPRENSIONE: Le conoscenze sono applicate dagli studenti nello svolgimento di esercitazioni progettuali<\/p><p>AUTONOMIA DI GIUDIZIO: Agli studenti \u00e8 richiesto lo sviluppo di esercitazioni progettuali in autonomia<\/p><p>ABILIT\u00c0 COMUNICATIVE: Agli studenti \u00e8 richiesto di affinare capacit\u00e0 comunicative sia orali che scritte su aspetti tecnici<\/p><p>CAPACIT\u00c0 DI APPRENDIMENTO: Agli studenti \u00e8 richiesto di acquisire capacit\u00e0 di apprendimento nel campo dell\u2019ingegneria strutturale.<\/p><\/div><\/div><\/div><div class=\"ea-card sp-ea-single\"><h3 class=\"ea-header\"><a class=\"collapsed\" id=\"ea-header-19402\" role=\"button\" data-sptoggle=\"spcollapse\" data-sptarget=\"#collapse19402\" aria-controls=\"collapse19402\" href=\"#\" aria-expanded=\"false\" tabindex=\"0\"><i aria-hidden=\"true\" role=\"presentation\" class=\"ea-expand-icon eap-icon-ea-expand-plus\"><\/i> Programma<\/a><\/h3><div class=\"sp-collapse spcollapse \" id=\"collapse19402\" data-parent=\"#sp-ea-1940\" role=\"region\" aria-labelledby=\"ea-header-19402\"> <div class=\"ea-body\"><ul><li>Rischio sismico<\/li><li>Valutazione della sicurezza<\/li><li>Rilievo ed indagini sui materiali<\/li><li>Livelli di conoscenza<\/li><li>Strutture degradate<\/li><li>Metodi di analisi<\/li><li>Monitoraggio strutturale<\/li><li>Interventi di rinforzo con materiali compositi, incamiciature in c.a., acciaio e HPFRC<\/li><li>Interventi di ripristino corticale (malte e calcestruzzi da ripristino)<\/li><\/ul><\/div><\/div><\/div><div class=\"ea-card sp-ea-single\"><h3 class=\"ea-header\"><a class=\"collapsed\" id=\"ea-header-19403\" role=\"button\" data-sptoggle=\"spcollapse\" data-sptarget=\"#collapse19403\" aria-controls=\"collapse19403\" href=\"#\" aria-expanded=\"false\" tabindex=\"0\"><i aria-hidden=\"true\" role=\"presentation\" class=\"ea-expand-icon eap-icon-ea-expand-plus\"><\/i> Prerequisiti richiesti<\/a><\/h3><div class=\"sp-collapse spcollapse \" id=\"collapse19403\" data-parent=\"#sp-ea-1940\" role=\"region\" aria-labelledby=\"ea-header-19403\"> <div class=\"ea-body\"><p>Gli studenti devono avere conoscenze di base nell\u2019ambito della Tecnica delle Costruzioni.<\/p><\/div><\/div><\/div><div class=\"ea-card sp-ea-single\"><h3 class=\"ea-header\"><a class=\"collapsed\" id=\"ea-header-19404\" role=\"button\" data-sptoggle=\"spcollapse\" data-sptarget=\"#collapse19404\" aria-controls=\"collapse19404\" href=\"#\" aria-expanded=\"false\" tabindex=\"0\"><i aria-hidden=\"true\" role=\"presentation\" class=\"ea-expand-icon eap-icon-ea-expand-plus\"><\/i> Metodi didattici<\/a><\/h3><div class=\"sp-collapse spcollapse \" id=\"collapse19404\" data-parent=\"#sp-ea-1940\" role=\"region\" aria-labelledby=\"ea-header-19404\"> <div class=\"ea-body\"><p>MODALIT\u00c0 DI SVOLGIMENTO<br \/>Lezioni in aula.<\/p><p>MODALIT\u00c0 DI FREQUENZA<br \/>Frequenza facoltativa<\/p><p>MODALIT\u00c0 DI SVOLGIMENTO DELLE LEZIONI<br \/>Lezioni in aula.<\/p><\/div><\/div><\/div><div class=\"ea-card sp-ea-single\"><h3 class=\"ea-header\"><a class=\"collapsed\" id=\"ea-header-19405\" role=\"button\" data-sptoggle=\"spcollapse\" data-sptarget=\"#collapse19405\" aria-controls=\"collapse19405\" href=\"#\" aria-expanded=\"false\" tabindex=\"0\"><i aria-hidden=\"true\" role=\"presentation\" class=\"ea-expand-icon eap-icon-ea-expand-plus\"><\/i> Modalit\u00e0 di verifica<\/a><\/h3><div class=\"sp-collapse spcollapse \" id=\"collapse19405\" data-parent=\"#sp-ea-1940\" role=\"region\" aria-labelledby=\"ea-header-19405\"> <div class=\"ea-body\"><p>L\u2019esame prevede la consegna di un&#8217;esercitazione progettuale e un esame orale.<\/p><\/div><\/div><\/div><div class=\"ea-card sp-ea-single\"><h3 class=\"ea-header\"><a class=\"collapsed\" id=\"ea-header-19406\" role=\"button\" data-sptoggle=\"spcollapse\" data-sptarget=\"#collapse19406\" aria-controls=\"collapse19406\" href=\"#\" aria-expanded=\"false\" tabindex=\"0\"><i aria-hidden=\"true\" role=\"presentation\" class=\"ea-expand-icon eap-icon-ea-expand-plus\"><\/i> Testi di riferimento<\/a><\/h3><div class=\"sp-collapse spcollapse \" id=\"collapse19406\" data-parent=\"#sp-ea-1940\" role=\"region\" aria-labelledby=\"ea-header-19406\"> <div class=\"ea-body\"><p>A. Ghersi, P. Lenza. Edifici esistenti in cemento armato. Valutazione e mitigazione del rischio sismico<\/p><\/div><\/div><\/div><div class=\"ea-card sp-ea-single\"><h3 class=\"ea-header\"><a class=\"collapsed\" id=\"ea-header-19407\" role=\"button\" data-sptoggle=\"spcollapse\" data-sptarget=\"#collapse19407\" aria-controls=\"collapse19407\" href=\"#\" aria-expanded=\"false\" tabindex=\"0\"><i aria-hidden=\"true\" role=\"presentation\" class=\"ea-expand-icon eap-icon-ea-expand-plus\"><\/i> Orario di ricevimento<\/a><\/h3><div class=\"sp-collapse spcollapse \" id=\"collapse19407\" data-parent=\"#sp-ea-1940\" role=\"region\" aria-labelledby=\"ea-header-19407\"> <div class=\"ea-body\"><p>L\u2019orario di ricevimento \u00e8 definito dal docente all\u2019inizio del semestre didattico, in accordo con gli studenti. Per ulteriori informazioni, contattare direttamente il docente.<\/p><\/div><\/div><\/div><div class=\"ea-card sp-ea-single\"><h3 class=\"ea-header\"><a class=\"collapsed\" id=\"ea-header-19408\" role=\"button\" data-sptoggle=\"spcollapse\" data-sptarget=\"#collapse19408\" aria-controls=\"collapse19408\" href=\"#\" aria-expanded=\"false\" tabindex=\"0\"><i aria-hidden=\"true\" role=\"presentation\" class=\"ea-expand-icon eap-icon-ea-expand-plus\"><\/i> Altre informazioni<\/a><\/h3><div class=\"sp-collapse spcollapse \" id=\"collapse19408\" data-parent=\"#sp-ea-1940\" role=\"region\" aria-labelledby=\"ea-header-19408\"> <div class=\"ea-body\"><p>Per maggiori informazioni consultare la pagina GOMP relativa all\u2019anno accademico di riferimento, dove \u00e8 possibile scaricare la Scheda completa dell\u2019Insegnamento.<\/p><\/div><\/div><\/div><\/div><\/div><\/div>","protected":false},"excerpt":{"rendered":"","protected":false},"author":2,"featured_media":0,"parent":0,"menu_order":0,"comment_status":"closed","ping_status":"closed","template":"","meta":{"ub_ctt_via":"","_zb_attr":"","zolo_post_video_link":"","footnotes":""},"class_list":["post-1949","page","type-page","status-publish","hentry"],"featured_image_src":null,"yoast_head":"<!-- This site is optimized with the Yoast SEO plugin v25.1 - https:\/\/yoast.com\/wordpress\/plugins\/seo\/ -->\n<title>Costruzioni in c.a. esistenti - Ingegneria Civile<\/title>\n<meta name=\"robots\" content=\"index, follow, max-snippet:-1, max-image-preview:large, max-video-preview:-1\" \/>\n<link rel=\"canonical\" href=\"https:\/\/civile.ing.uniroma2.it\/?page_id=1949\" \/>\n<meta property=\"og:locale\" content=\"it_IT\" \/>\n<meta property=\"og:type\" content=\"article\" \/>\n<meta property=\"og:title\" content=\"Costruzioni in c.a. esistenti - Ingegneria Civile\" \/>\n<meta property=\"og:url\" content=\"https:\/\/civile.ing.uniroma2.it\/?page_id=1949\" \/>\n<meta property=\"og:site_name\" content=\"Ingegneria Civile\" \/>\n<meta property=\"article:modified_time\" content=\"2025-10-21T07:11:54+00:00\" \/>\n<meta property=\"og:image\" content=\"https:\/\/civile.ing.uniroma2.it\/wp-content\/uploads\/2025\/05\/LOGO-ATENEO_PANTONE-7732-CP_Variante1_20230307.png\" \/>\n\t<meta property=\"og:image:width\" content=\"1194\" \/>\n\t<meta property=\"og:image:height\" content=\"1128\" \/>\n\t<meta property=\"og:image:type\" content=\"image\/png\" \/>\n<meta name=\"twitter:card\" content=\"summary_large_image\" \/>\n<script type=\"application\/ld+json\" class=\"yoast-schema-graph\">{\"@context\":\"https:\/\/schema.org\",\"@graph\":[{\"@type\":\"WebPage\",\"@id\":\"https:\/\/civile.ing.uniroma2.it\/?page_id=1949\",\"url\":\"https:\/\/civile.ing.uniroma2.it\/?page_id=1949\",\"name\":\"Costruzioni in c.a. esistenti - Ingegneria Civile\",\"isPartOf\":{\"@id\":\"https:\/\/civile.ing.uniroma2.it\/#website\"},\"datePublished\":\"2025-10-21T07:11:52+00:00\",\"dateModified\":\"2025-10-21T07:11:54+00:00\",\"breadcrumb\":{\"@id\":\"https:\/\/civile.ing.uniroma2.it\/?page_id=1949#breadcrumb\"},\"inLanguage\":\"it-IT\",\"potentialAction\":[{\"@type\":\"ReadAction\",\"target\":[\"https:\/\/civile.ing.uniroma2.it\/?page_id=1949\"]}]},{\"@type\":\"BreadcrumbList\",\"@id\":\"https:\/\/civile.ing.uniroma2.it\/?page_id=1949#breadcrumb\",\"itemListElement\":[{\"@type\":\"ListItem\",\"position\":1,\"name\":\"Home\",\"item\":\"https:\/\/civile.ing.uniroma2.it\/\"},{\"@type\":\"ListItem\",\"position\":2,\"name\":\"Costruzioni in c.a. esistenti\"}]},{\"@type\":\"WebSite\",\"@id\":\"https:\/\/civile.ing.uniroma2.it\/#website\",\"url\":\"https:\/\/civile.ing.uniroma2.it\/\",\"name\":\"Ingegneria Civile\",\"description\":\"Corso di Laurea Magistrale\",\"publisher\":{\"@id\":\"https:\/\/civile.ing.uniroma2.it\/#organization\"},\"potentialAction\":[{\"@type\":\"SearchAction\",\"target\":{\"@type\":\"EntryPoint\",\"urlTemplate\":\"https:\/\/civile.ing.uniroma2.it\/?s={search_term_string}\"},\"query-input\":{\"@type\":\"PropertyValueSpecification\",\"valueRequired\":true,\"valueName\":\"search_term_string\"}}],\"inLanguage\":\"it-IT\"},{\"@type\":\"Organization\",\"@id\":\"https:\/\/civile.ing.uniroma2.it\/#organization\",\"name\":\"Universit\u00e0 degli Studi di Roma Tor Vergata\",\"url\":\"https:\/\/civile.ing.uniroma2.it\/\",\"logo\":{\"@type\":\"ImageObject\",\"inLanguage\":\"it-IT\",\"@id\":\"https:\/\/civile.ing.uniroma2.it\/#\/schema\/logo\/image\/\",\"url\":\"https:\/\/civile.ing.uniroma2.it\/wp-content\/uploads\/2025\/05\/LOGO-ATENEO_PANTONE-7732-CP_Variante1_20230307.png\",\"contentUrl\":\"https:\/\/civile.ing.uniroma2.it\/wp-content\/uploads\/2025\/05\/LOGO-ATENEO_PANTONE-7732-CP_Variante1_20230307.png\",\"width\":1194,\"height\":1128,\"caption\":\"Universit\u00e0 degli Studi di Roma Tor Vergata\"},\"image\":{\"@id\":\"https:\/\/civile.ing.uniroma2.it\/#\/schema\/logo\/image\/\"}}]}<\/script>\n<!-- \/ Yoast SEO plugin. -->","yoast_head_json":{"title":"Costruzioni in c.a. esistenti - Ingegneria Civile","robots":{"index":"index","follow":"follow","max-snippet":"max-snippet:-1","max-image-preview":"max-image-preview:large","max-video-preview":"max-video-preview:-1"},"canonical":"https:\/\/civile.ing.uniroma2.it\/?page_id=1949","og_locale":"it_IT","og_type":"article","og_title":"Costruzioni in c.a. esistenti - Ingegneria Civile","og_url":"https:\/\/civile.ing.uniroma2.it\/?page_id=1949","og_site_name":"Ingegneria Civile","article_modified_time":"2025-10-21T07:11:54+00:00","og_image":[{"width":1194,"height":1128,"url":"https:\/\/civile.ing.uniroma2.it\/wp-content\/uploads\/2025\/05\/LOGO-ATENEO_PANTONE-7732-CP_Variante1_20230307.png","type":"image\/png"}],"twitter_card":"summary_large_image","schema":{"@context":"https:\/\/schema.org","@graph":[{"@type":"WebPage","@id":"https:\/\/civile.ing.uniroma2.it\/?page_id=1949","url":"https:\/\/civile.ing.uniroma2.it\/?page_id=1949","name":"Costruzioni in c.a. esistenti - Ingegneria Civile","isPartOf":{"@id":"https:\/\/civile.ing.uniroma2.it\/#website"},"datePublished":"2025-10-21T07:11:52+00:00","dateModified":"2025-10-21T07:11:54+00:00","breadcrumb":{"@id":"https:\/\/civile.ing.uniroma2.it\/?page_id=1949#breadcrumb"},"inLanguage":"it-IT","potentialAction":[{"@type":"ReadAction","target":["https:\/\/civile.ing.uniroma2.it\/?page_id=1949"]}]},{"@type":"BreadcrumbList","@id":"https:\/\/civile.ing.uniroma2.it\/?page_id=1949#breadcrumb","itemListElement":[{"@type":"ListItem","position":1,"name":"Home","item":"https:\/\/civile.ing.uniroma2.it\/"},{"@type":"ListItem","position":2,"name":"Costruzioni in c.a. esistenti"}]},{"@type":"WebSite","@id":"https:\/\/civile.ing.uniroma2.it\/#website","url":"https:\/\/civile.ing.uniroma2.it\/","name":"Ingegneria Civile","description":"Corso di Laurea Magistrale","publisher":{"@id":"https:\/\/civile.ing.uniroma2.it\/#organization"},"potentialAction":[{"@type":"SearchAction","target":{"@type":"EntryPoint","urlTemplate":"https:\/\/civile.ing.uniroma2.it\/?s={search_term_string}"},"query-input":{"@type":"PropertyValueSpecification","valueRequired":true,"valueName":"search_term_string"}}],"inLanguage":"it-IT"},{"@type":"Organization","@id":"https:\/\/civile.ing.uniroma2.it\/#organization","name":"Universit\u00e0 degli Studi di Roma Tor Vergata","url":"https:\/\/civile.ing.uniroma2.it\/","logo":{"@type":"ImageObject","inLanguage":"it-IT","@id":"https:\/\/civile.ing.uniroma2.it\/#\/schema\/logo\/image\/","url":"https:\/\/civile.ing.uniroma2.it\/wp-content\/uploads\/2025\/05\/LOGO-ATENEO_PANTONE-7732-CP_Variante1_20230307.png","contentUrl":"https:\/\/civile.ing.uniroma2.it\/wp-content\/uploads\/2025\/05\/LOGO-ATENEO_PANTONE-7732-CP_Variante1_20230307.png","width":1194,"height":1128,"caption":"Universit\u00e0 degli Studi di Roma Tor Vergata"},"image":{"@id":"https:\/\/civile.ing.uniroma2.it\/#\/schema\/logo\/image\/"}}]}},"_links":{"self":[{"href":"https:\/\/civile.ing.uniroma2.it\/index.php?rest_route=\/wp\/v2\/pages\/1949","targetHints":{"allow":["GET"]}}],"collection":[{"href":"https:\/\/civile.ing.uniroma2.it\/index.php?rest_route=\/wp\/v2\/pages"}],"about":[{"href":"https:\/\/civile.ing.uniroma2.it\/index.php?rest_route=\/wp\/v2\/types\/page"}],"author":[{"embeddable":true,"href":"https:\/\/civile.ing.uniroma2.it\/index.php?rest_route=\/wp\/v2\/users\/2"}],"replies":[{"embeddable":true,"href":"https:\/\/civile.ing.uniroma2.it\/index.php?rest_route=%2Fwp%2Fv2%2Fcomments&post=1949"}],"version-history":[{"count":2,"href":"https:\/\/civile.ing.uniroma2.it\/index.php?rest_route=\/wp\/v2\/pages\/1949\/revisions"}],"predecessor-version":[{"id":1951,"href":"https:\/\/civile.ing.uniroma2.it\/index.php?rest_route=\/wp\/v2\/pages\/1949\/revisions\/1951"}],"wp:attachment":[{"href":"https:\/\/civile.ing.uniroma2.it\/index.php?rest_route=%2Fwp%2Fv2%2Fmedia&parent=1949"}],"curies":[{"name":"wp","href":"https:\/\/api.w.org\/{rel}","templated":true}]}}