{"id":1921,"date":"2025-10-19T18:01:45","date_gmt":"2025-10-19T18:01:45","guid":{"rendered":"https:\/\/civile.ing.uniroma2.it\/?page_id=1921"},"modified":"2025-10-19T18:01:47","modified_gmt":"2025-10-19T18:01:47","slug":"scavi-e-opere-di-sostegno","status":"publish","type":"page","link":"https:\/\/civile.ing.uniroma2.it\/?page_id=1921","title":{"rendered":"Scavi e Opere di Sostegno"},"content":{"rendered":"<div class=\"wp-block-ub-divider ub_divider ub-divider-orientation-horizontal\" id=\"ub_divider_c66eed6f-7c00-4f28-8481-c89c0e6203d2\"><div class=\"ub_divider_wrapper\" style=\"position: relative; margin-bottom: 20px; width: 100%; height: 20px; \" data-divider-alignment=\"center\"><div class=\"ub_divider_line\" style=\"border-top: 5px solid #007d34; margin-top: 20px; \"><\/div><\/div><\/div>\n\n<div ><style>#sp-ea-1915 .spcollapsing { height: 0; overflow: hidden; transition-property: height;transition-duration: 300ms;}#sp-ea-1915.sp-easy-accordion>.sp-ea-single {margin-bottom: 2px; border: 1px solid #e2e2e2; }#sp-ea-1915.sp-easy-accordion>.sp-ea-single>.ea-header a {color: #444;}#sp-ea-1915.sp-easy-accordion>.sp-ea-single>.sp-collapse>.ea-body {background: #fff; color: #444;}#sp-ea-1915.sp-easy-accordion>.sp-ea-single {background: #eee;}#sp-ea-1915.sp-easy-accordion>.sp-ea-single>.ea-header a .ea-expand-icon { float: left; color: #444;font-size: 16px;}<\/style><div id=\"sp_easy_accordion-1760892362\"><div id=\"sp-ea-1915\" class=\"sp-ea-one sp-easy-accordion\" data-ea-active=\"ea-click\" data-ea-mode=\"vertical\" data-preloader=\"\" data-scroll-active-item=\"\" data-offset-to-scroll=\"0\"><div class=\"ea-card ea-expand sp-ea-single\"><h3 class=\"ea-header\"><a class=\"collapsed\" id=\"ea-header-19150\" role=\"button\" data-sptoggle=\"spcollapse\" data-sptarget=\"#collapse19150\" aria-controls=\"collapse19150\" href=\"#\" aria-expanded=\"true\" tabindex=\"0\"><i aria-hidden=\"true\" role=\"presentation\" class=\"ea-expand-icon eap-icon-ea-expand-minus\"><\/i> Informazioni generali<\/a><\/h3><div class=\"sp-collapse spcollapse collapsed show\" id=\"collapse19150\" data-parent=\"#sp-ea-1915\" role=\"region\" aria-labelledby=\"ea-header-19150\"> <div class=\"ea-body\"><p><strong>Docente:<\/strong> Francesca Casini<\/p><p><strong>Crediti:<\/strong> 9<\/p><p><strong>Lingua:<\/strong> Italiano<\/p><\/div><\/div><\/div><div class=\"ea-card sp-ea-single\"><h3 class=\"ea-header\"><a class=\"collapsed\" id=\"ea-header-19151\" role=\"button\" data-sptoggle=\"spcollapse\" data-sptarget=\"#collapse19151\" aria-controls=\"collapse19151\" href=\"#\" aria-expanded=\"false\" tabindex=\"0\"><i aria-hidden=\"true\" role=\"presentation\" class=\"ea-expand-icon eap-icon-ea-expand-plus\"><\/i> Obiettivi formativi<\/a><\/h3><div class=\"sp-collapse spcollapse \" id=\"collapse19151\" data-parent=\"#sp-ea-1915\" role=\"region\" aria-labelledby=\"ea-header-19151\"> <div class=\"ea-body\"><p>Il corso ha carattere prevalentemente applicativo e ha l\u2019obiettivo primario di fornire le conoscenze di base e avanzate per affrontare la progettazione di scavi e opere di sostegno rigide e flessibili. In particolare, il corso ha i seguenti obiettivi formativi:<\/p><ul><li>fornire i concetti fondamentali relativi alla spinta delle terre;<\/li><li>illustrare i principi di base dell\u2019analisi limite e la loro applicazione alle opere di sostegno;<\/li><li>fornire i criteri di verifica e di dimensionamento delle opere di sostegno rigide e flessibili nei riguardi degli Stati Limite Ultimi e di Esercizio;<\/li><li>valutare la presenza dell\u2019acqua e il suo effetto sulla spinta dei terreni in condizioni idrostatiche e di filtrazione;<\/li><li>analizzare il comportamento di scavi profondi, con particolare riferimento al contesto urbano.<\/li><\/ul><\/div><\/div><\/div><div class=\"ea-card sp-ea-single\"><h3 class=\"ea-header\"><a class=\"collapsed\" id=\"ea-header-19152\" role=\"button\" data-sptoggle=\"spcollapse\" data-sptarget=\"#collapse19152\" aria-controls=\"collapse19152\" href=\"#\" aria-expanded=\"false\" tabindex=\"0\"><i aria-hidden=\"true\" role=\"presentation\" class=\"ea-expand-icon eap-icon-ea-expand-plus\"><\/i> Programma<\/a><\/h3><div class=\"sp-collapse spcollapse \" id=\"collapse19152\" data-parent=\"#sp-ea-1915\" role=\"region\" aria-labelledby=\"ea-header-19152\"> <div class=\"ea-body\"><p>Il programma del corso \u00e8 suddiviso in tre parti:<\/p><p><strong>Parte prima: Stati tensionali e analisi limite<\/strong><\/p><ul><li>Stati tensionali a riposo<\/li><li>Richiami alla teoria di Rankine<\/li><li>Stati tensionali in presenza di attrito<\/li><li>Teoria della plasticit\u00e0 perfetta<\/li><li>Teoremi di estremo<\/li><li>Applicazione dell\u2019analisi limite<\/li><\/ul><p><strong>Parte seconda: Opere di sostegno rigide <\/strong><\/p><ul><li>Tipologia di muri di sostegno<\/li><li>Metodi per il calcolo della spinta basati sull\u2019equilibrio limite e l\u2019analisi limite<\/li><li>Dimensionamento del sistema di drenaggio a tergo all\u2019opera<\/li><li>Dimensionamento e verifiche dei muri<\/li><\/ul><p><strong>Parte terza: Opere di sostegno flessibili<\/strong><\/p><ul><li>Tipologia di paratie<\/li><li>Paratia libera<\/li><li>Paratia con uno o pi\u00f9 livelli di ancoraggio<\/li><li>Dimensionamento e verifica degli ancoraggi<\/li><li>Gli effetti dell\u2019acqua sul comportamento delle paratie<\/li><li>Dimensionamento e verifica delle paratie<\/li><li>Scavi profondi: effetto dell\u2019acqua, dimensionamento e verifiche<\/li><li>Cedimenti indotti dagli scavi in ambiente urbano<\/li><\/ul><\/div><\/div><\/div><div class=\"ea-card sp-ea-single\"><h3 class=\"ea-header\"><a class=\"collapsed\" id=\"ea-header-19153\" role=\"button\" data-sptoggle=\"spcollapse\" data-sptarget=\"#collapse19153\" aria-controls=\"collapse19153\" href=\"#\" aria-expanded=\"false\" tabindex=\"0\"><i aria-hidden=\"true\" role=\"presentation\" class=\"ea-expand-icon eap-icon-ea-expand-plus\"><\/i> Prerequisiti richiesti<\/a><\/h3><div class=\"sp-collapse spcollapse \" id=\"collapse19153\" data-parent=\"#sp-ea-1915\" role=\"region\" aria-labelledby=\"ea-header-19153\"> <div class=\"ea-body\"><p>Si considerano acquisite le conoscenze di base di Geotecnica, Scienza delle Costruzioni, Tecnica delle Costruzioni e Fondazioni.<\/p><\/div><\/div><\/div><div class=\"ea-card sp-ea-single\"><h3 class=\"ea-header\"><a class=\"collapsed\" id=\"ea-header-19154\" role=\"button\" data-sptoggle=\"spcollapse\" data-sptarget=\"#collapse19154\" aria-controls=\"collapse19154\" href=\"#\" aria-expanded=\"false\" tabindex=\"0\"><i aria-hidden=\"true\" role=\"presentation\" class=\"ea-expand-icon eap-icon-ea-expand-plus\"><\/i> Metodi didattici<\/a><\/h3><div class=\"sp-collapse spcollapse \" id=\"collapse19154\" data-parent=\"#sp-ea-1915\" role=\"region\" aria-labelledby=\"ea-header-19154\"> <div class=\"ea-body\"><p>I metodi didattici impiegati si articolano in:<\/p><ul><li>Lezioni frontali in aula sugli argomenti del programma e confronto con gli studenti in aula;<\/li><li>Esercitazioni svolte mediante l&#8217;uso di software applicativi idonei alla soluzione del problema.<\/li><\/ul><p>Sono previste, inoltre, lezioni frontali a carattere seminariale e visite tecniche in cantiere.<\/p><\/div><\/div><\/div><div class=\"ea-card sp-ea-single\"><h3 class=\"ea-header\"><a class=\"collapsed\" id=\"ea-header-19155\" role=\"button\" data-sptoggle=\"spcollapse\" data-sptarget=\"#collapse19155\" aria-controls=\"collapse19155\" href=\"#\" aria-expanded=\"false\" tabindex=\"0\"><i aria-hidden=\"true\" role=\"presentation\" class=\"ea-expand-icon eap-icon-ea-expand-plus\"><\/i> Modalit\u00e0 di verifica<\/a><\/h3><div class=\"sp-collapse spcollapse \" id=\"collapse19155\" data-parent=\"#sp-ea-1915\" role=\"region\" aria-labelledby=\"ea-header-19155\"> <div class=\"ea-body\"><p>L\u2019esame consiste nello svolgimento di una prova scritta e di una prova orale.<\/p><p>La prova scritta \u00e8 volta a verificare le capacit\u00e0 di analisi e rielaborazione dei concetti acquisiti nel corso, nonch\u00e9 la capacit\u00e0 di risoluzione di un problema semplice relativo al progetto o alla verifica delle opere di sostegno.<\/p><p>La prova orale consiste in una discussione dei concetti teorici e delle attivit\u00e0 svolte durante il corso, nonch\u00e9 degli elaborati finali relativi alle esercitazioni svolte.<\/p><\/div><\/div><\/div><div class=\"ea-card sp-ea-single\"><h3 class=\"ea-header\"><a class=\"collapsed\" id=\"ea-header-19156\" role=\"button\" data-sptoggle=\"spcollapse\" data-sptarget=\"#collapse19156\" aria-controls=\"collapse19156\" href=\"#\" aria-expanded=\"false\" tabindex=\"0\"><i aria-hidden=\"true\" role=\"presentation\" class=\"ea-expand-icon eap-icon-ea-expand-plus\"><\/i> Testi di riferimento<\/a><\/h3><div class=\"sp-collapse spcollapse \" id=\"collapse19156\" data-parent=\"#sp-ea-1915\" role=\"region\" aria-labelledby=\"ea-header-19156\"> <div class=\"ea-body\"><p>Clayton, C. R. I., Milititsky, J., &amp; Woods, R. I. (2006).\u00a0<i>La spinta delle terre e le opere di sostegno<\/i>. Hevelius.<\/p><p>Tamagnini, C. (2005).\u00a0<i>Analisi limite in ingegneria geotecnica<\/i>\u00a0(pp. 1-120). Hevelius.<\/p><p>Tamagnini, C., &amp; Salciarini, D. (2013). <em>Il dimensionamento e le verifiche agli stati limite delle strutture di sostegno<\/em>.<\/p><p>Evangelista, A. (1994).\u00a0<i>Appunti di opere di sostegno<\/i>. Universit\u00e0 di Napoli.<\/p><\/div><\/div><\/div><div class=\"ea-card sp-ea-single\"><h3 class=\"ea-header\"><a class=\"collapsed\" id=\"ea-header-19157\" role=\"button\" data-sptoggle=\"spcollapse\" data-sptarget=\"#collapse19157\" aria-controls=\"collapse19157\" href=\"#\" aria-expanded=\"false\" tabindex=\"0\"><i aria-hidden=\"true\" role=\"presentation\" class=\"ea-expand-icon eap-icon-ea-expand-plus\"><\/i> Orario di ricevimento<\/a><\/h3><div class=\"sp-collapse spcollapse \" id=\"collapse19157\" data-parent=\"#sp-ea-1915\" role=\"region\" aria-labelledby=\"ea-header-19157\"> <div class=\"ea-body\"><p>L\u2019orario di ricevimento \u00e8 definito dal docente all\u2019inizio del semestre didattico, in accordo con gli studenti. Per ulteriori informazioni, contattare direttamente il docente.<\/p><\/div><\/div><\/div><div class=\"ea-card sp-ea-single\"><h3 class=\"ea-header\"><a class=\"collapsed\" id=\"ea-header-19158\" role=\"button\" data-sptoggle=\"spcollapse\" data-sptarget=\"#collapse19158\" aria-controls=\"collapse19158\" href=\"#\" aria-expanded=\"false\" tabindex=\"0\"><i aria-hidden=\"true\" role=\"presentation\" class=\"ea-expand-icon eap-icon-ea-expand-plus\"><\/i> Altre informazioni<\/a><\/h3><div class=\"sp-collapse spcollapse \" id=\"collapse19158\" data-parent=\"#sp-ea-1915\" role=\"region\" aria-labelledby=\"ea-header-19158\"> <div class=\"ea-body\"><p>Per maggiori informazioni consultare la pagina GOMP relativa all\u2019anno accademico di riferimento, dove \u00e8 possibile scaricare la Scheda completa dell\u2019Insegnamento.<\/p><\/div><\/div><\/div><\/div><\/div><\/div>","protected":false},"excerpt":{"rendered":"","protected":false},"author":2,"featured_media":0,"parent":0,"menu_order":0,"comment_status":"closed","ping_status":"closed","template":"","meta":{"ub_ctt_via":"","_zb_attr":"","zolo_post_video_link":"","footnotes":""},"class_list":["post-1921","page","type-page","status-publish","hentry"],"featured_image_src":null,"yoast_head":"<!-- This site is optimized with the Yoast SEO plugin v25.1 - https:\/\/yoast.com\/wordpress\/plugins\/seo\/ -->\n<title>Scavi e Opere di Sostegno - Ingegneria Civile<\/title>\n<meta name=\"robots\" content=\"index, follow, max-snippet:-1, max-image-preview:large, max-video-preview:-1\" \/>\n<link rel=\"canonical\" href=\"https:\/\/civile.ing.uniroma2.it\/?page_id=1921\" \/>\n<meta property=\"og:locale\" content=\"it_IT\" \/>\n<meta property=\"og:type\" content=\"article\" \/>\n<meta property=\"og:title\" content=\"Scavi e Opere di Sostegno - Ingegneria Civile\" \/>\n<meta property=\"og:url\" content=\"https:\/\/civile.ing.uniroma2.it\/?page_id=1921\" \/>\n<meta property=\"og:site_name\" content=\"Ingegneria Civile\" \/>\n<meta property=\"article:modified_time\" content=\"2025-10-19T18:01:47+00:00\" \/>\n<meta property=\"og:image\" content=\"https:\/\/civile.ing.uniroma2.it\/wp-content\/uploads\/2025\/05\/LOGO-ATENEO_PANTONE-7732-CP_Variante1_20230307.png\" \/>\n\t<meta property=\"og:image:width\" content=\"1194\" \/>\n\t<meta property=\"og:image:height\" content=\"1128\" \/>\n\t<meta property=\"og:image:type\" content=\"image\/png\" \/>\n<meta name=\"twitter:card\" content=\"summary_large_image\" \/>\n<script type=\"application\/ld+json\" class=\"yoast-schema-graph\">{\"@context\":\"https:\/\/schema.org\",\"@graph\":[{\"@type\":\"WebPage\",\"@id\":\"https:\/\/civile.ing.uniroma2.it\/?page_id=1921\",\"url\":\"https:\/\/civile.ing.uniroma2.it\/?page_id=1921\",\"name\":\"Scavi e Opere di Sostegno - Ingegneria Civile\",\"isPartOf\":{\"@id\":\"https:\/\/civile.ing.uniroma2.it\/#website\"},\"datePublished\":\"2025-10-19T18:01:45+00:00\",\"dateModified\":\"2025-10-19T18:01:47+00:00\",\"breadcrumb\":{\"@id\":\"https:\/\/civile.ing.uniroma2.it\/?page_id=1921#breadcrumb\"},\"inLanguage\":\"it-IT\",\"potentialAction\":[{\"@type\":\"ReadAction\",\"target\":[\"https:\/\/civile.ing.uniroma2.it\/?page_id=1921\"]}]},{\"@type\":\"BreadcrumbList\",\"@id\":\"https:\/\/civile.ing.uniroma2.it\/?page_id=1921#breadcrumb\",\"itemListElement\":[{\"@type\":\"ListItem\",\"position\":1,\"name\":\"Home\",\"item\":\"https:\/\/civile.ing.uniroma2.it\/\"},{\"@type\":\"ListItem\",\"position\":2,\"name\":\"Scavi e Opere di Sostegno\"}]},{\"@type\":\"WebSite\",\"@id\":\"https:\/\/civile.ing.uniroma2.it\/#website\",\"url\":\"https:\/\/civile.ing.uniroma2.it\/\",\"name\":\"Ingegneria Civile\",\"description\":\"Corso di Laurea Magistrale\",\"publisher\":{\"@id\":\"https:\/\/civile.ing.uniroma2.it\/#organization\"},\"potentialAction\":[{\"@type\":\"SearchAction\",\"target\":{\"@type\":\"EntryPoint\",\"urlTemplate\":\"https:\/\/civile.ing.uniroma2.it\/?s={search_term_string}\"},\"query-input\":{\"@type\":\"PropertyValueSpecification\",\"valueRequired\":true,\"valueName\":\"search_term_string\"}}],\"inLanguage\":\"it-IT\"},{\"@type\":\"Organization\",\"@id\":\"https:\/\/civile.ing.uniroma2.it\/#organization\",\"name\":\"Universit\u00e0 degli Studi di Roma Tor Vergata\",\"url\":\"https:\/\/civile.ing.uniroma2.it\/\",\"logo\":{\"@type\":\"ImageObject\",\"inLanguage\":\"it-IT\",\"@id\":\"https:\/\/civile.ing.uniroma2.it\/#\/schema\/logo\/image\/\",\"url\":\"https:\/\/civile.ing.uniroma2.it\/wp-content\/uploads\/2025\/05\/LOGO-ATENEO_PANTONE-7732-CP_Variante1_20230307.png\",\"contentUrl\":\"https:\/\/civile.ing.uniroma2.it\/wp-content\/uploads\/2025\/05\/LOGO-ATENEO_PANTONE-7732-CP_Variante1_20230307.png\",\"width\":1194,\"height\":1128,\"caption\":\"Universit\u00e0 degli Studi di Roma Tor Vergata\"},\"image\":{\"@id\":\"https:\/\/civile.ing.uniroma2.it\/#\/schema\/logo\/image\/\"}}]}<\/script>\n<!-- \/ Yoast SEO plugin. -->","yoast_head_json":{"title":"Scavi e Opere di Sostegno - Ingegneria Civile","robots":{"index":"index","follow":"follow","max-snippet":"max-snippet:-1","max-image-preview":"max-image-preview:large","max-video-preview":"max-video-preview:-1"},"canonical":"https:\/\/civile.ing.uniroma2.it\/?page_id=1921","og_locale":"it_IT","og_type":"article","og_title":"Scavi e Opere di Sostegno - Ingegneria Civile","og_url":"https:\/\/civile.ing.uniroma2.it\/?page_id=1921","og_site_name":"Ingegneria Civile","article_modified_time":"2025-10-19T18:01:47+00:00","og_image":[{"width":1194,"height":1128,"url":"https:\/\/civile.ing.uniroma2.it\/wp-content\/uploads\/2025\/05\/LOGO-ATENEO_PANTONE-7732-CP_Variante1_20230307.png","type":"image\/png"}],"twitter_card":"summary_large_image","schema":{"@context":"https:\/\/schema.org","@graph":[{"@type":"WebPage","@id":"https:\/\/civile.ing.uniroma2.it\/?page_id=1921","url":"https:\/\/civile.ing.uniroma2.it\/?page_id=1921","name":"Scavi e Opere di Sostegno - Ingegneria Civile","isPartOf":{"@id":"https:\/\/civile.ing.uniroma2.it\/#website"},"datePublished":"2025-10-19T18:01:45+00:00","dateModified":"2025-10-19T18:01:47+00:00","breadcrumb":{"@id":"https:\/\/civile.ing.uniroma2.it\/?page_id=1921#breadcrumb"},"inLanguage":"it-IT","potentialAction":[{"@type":"ReadAction","target":["https:\/\/civile.ing.uniroma2.it\/?page_id=1921"]}]},{"@type":"BreadcrumbList","@id":"https:\/\/civile.ing.uniroma2.it\/?page_id=1921#breadcrumb","itemListElement":[{"@type":"ListItem","position":1,"name":"Home","item":"https:\/\/civile.ing.uniroma2.it\/"},{"@type":"ListItem","position":2,"name":"Scavi e Opere di Sostegno"}]},{"@type":"WebSite","@id":"https:\/\/civile.ing.uniroma2.it\/#website","url":"https:\/\/civile.ing.uniroma2.it\/","name":"Ingegneria Civile","description":"Corso di Laurea Magistrale","publisher":{"@id":"https:\/\/civile.ing.uniroma2.it\/#organization"},"potentialAction":[{"@type":"SearchAction","target":{"@type":"EntryPoint","urlTemplate":"https:\/\/civile.ing.uniroma2.it\/?s={search_term_string}"},"query-input":{"@type":"PropertyValueSpecification","valueRequired":true,"valueName":"search_term_string"}}],"inLanguage":"it-IT"},{"@type":"Organization","@id":"https:\/\/civile.ing.uniroma2.it\/#organization","name":"Universit\u00e0 degli Studi di Roma Tor Vergata","url":"https:\/\/civile.ing.uniroma2.it\/","logo":{"@type":"ImageObject","inLanguage":"it-IT","@id":"https:\/\/civile.ing.uniroma2.it\/#\/schema\/logo\/image\/","url":"https:\/\/civile.ing.uniroma2.it\/wp-content\/uploads\/2025\/05\/LOGO-ATENEO_PANTONE-7732-CP_Variante1_20230307.png","contentUrl":"https:\/\/civile.ing.uniroma2.it\/wp-content\/uploads\/2025\/05\/LOGO-ATENEO_PANTONE-7732-CP_Variante1_20230307.png","width":1194,"height":1128,"caption":"Universit\u00e0 degli Studi di Roma Tor Vergata"},"image":{"@id":"https:\/\/civile.ing.uniroma2.it\/#\/schema\/logo\/image\/"}}]}},"_links":{"self":[{"href":"https:\/\/civile.ing.uniroma2.it\/index.php?rest_route=\/wp\/v2\/pages\/1921","targetHints":{"allow":["GET"]}}],"collection":[{"href":"https:\/\/civile.ing.uniroma2.it\/index.php?rest_route=\/wp\/v2\/pages"}],"about":[{"href":"https:\/\/civile.ing.uniroma2.it\/index.php?rest_route=\/wp\/v2\/types\/page"}],"author":[{"embeddable":true,"href":"https:\/\/civile.ing.uniroma2.it\/index.php?rest_route=\/wp\/v2\/users\/2"}],"replies":[{"embeddable":true,"href":"https:\/\/civile.ing.uniroma2.it\/index.php?rest_route=%2Fwp%2Fv2%2Fcomments&post=1921"}],"version-history":[{"count":1,"href":"https:\/\/civile.ing.uniroma2.it\/index.php?rest_route=\/wp\/v2\/pages\/1921\/revisions"}],"predecessor-version":[{"id":1922,"href":"https:\/\/civile.ing.uniroma2.it\/index.php?rest_route=\/wp\/v2\/pages\/1921\/revisions\/1922"}],"wp:attachment":[{"href":"https:\/\/civile.ing.uniroma2.it\/index.php?rest_route=%2Fwp%2Fv2%2Fmedia&parent=1921"}],"curies":[{"name":"wp","href":"https:\/\/api.w.org\/{rel}","templated":true}]}}